{"id":6506,"date":"2023-05-17T21:27:51","date_gmt":"2023-05-17T21:27:51","guid":{"rendered":"https:\/\/www.incaofficial.com\/?post_type=product&#038;p=6506"},"modified":"2023-06-01T10:32:54","modified_gmt":"2023-06-01T10:32:54","slug":"boyun-sagligi-koruma-yastigi","status":"publish","type":"product","link":"https:\/\/www.incaofficial.com\/tr\/urun\/boyun-sagligi-koruma-yastigi\/","title":{"rendered":"Boyun Sa\u011fl\u0131\u011f\u0131 Koruma Yast\u0131\u011f\u0131"},"content":{"rendered":"","protected":false},"excerpt":{"rendered":"<p>Visco yast\u0131klar haf\u0131zal\u0131 s\u00fcnger yap\u0131s\u0131 sayesinde ba\u015f,boyun ve omuz kaslar\u0131n\u0131n tam desteklenmesine yard\u0131mc\u0131 oluyor. Hava kanallar\u0131 sayesinde v\u00fccudu uyku esnas\u0131nda terletmiyor. Sa\u011fl\u0131\u011fa zararl\u0131 CFC GAZI kullan\u0131lmadan \u00fcretiliyor. Hipoalerjenik yap\u0131s\u0131 sayesinde \u00fczerinde bakteri,k\u00fcf,mantar yada toz akarlar\u0131 bar\u0131nd\u0131rm\u0131yor. Dayan\u0131kl\u0131 yap\u0131lar\u0131 sayesinde uzun y\u0131llar kullan\u0131labiliyor.<br \/>\n*Boyun f\u0131t\u0131\u011f\u0131<br \/>\n*Gece horlamalar\u0131<br \/>\n*Uyku esnas\u0131nda rahat ve d\u00fczg\u00fcn nefes al\u0131nmas\u0131<br \/>\n*Uyku apnesini engelleme<br \/>\ngibi durumlarda rahatl\u0131kla kullan\u0131labilir.<\/p>\n","protected":false},"featured_media":6876,"template":"","meta":[],"product_cat":[80],"product_tag":[],"yoast_head":"<!-- This site is optimized with the Yoast SEO plugin v21.4 - https:\/\/yoast.com\/wordpress\/plugins\/seo\/ -->\n<title>Boyun Sa\u011fl\u0131\u011f\u0131 Koruma Yast\u0131\u011f\u0131 - INCA Klinik<\/title>\n<meta name=\"robots\" content=\"index, follow, max-snippet:-1, max-image-preview:large, max-video-preview:-1\" \/>\n<link rel=\"canonical\" href=\"https:\/\/www.incaofficial.com\/tr\/urun\/boyun-sagligi-koruma-yastigi\/\" \/>\n<meta property=\"og:locale\" content=\"tr_TR\" \/>\n<meta property=\"og:type\" content=\"article\" \/>\n<meta property=\"og:title\" content=\"Boyun Sa\u011fl\u0131\u011f\u0131 Koruma Yast\u0131\u011f\u0131 - INCA Klinik\" \/>\n<meta property=\"og:description\" content=\"Visco yast\u0131klar haf\u0131zal\u0131 s\u00fcnger yap\u0131s\u0131 sayesinde ba\u015f,boyun ve omuz kaslar\u0131n\u0131n tam desteklenmesine yard\u0131mc\u0131 oluyor. Hava kanallar\u0131 sayesinde v\u00fccudu uyku esnas\u0131nda terletmiyor. Sa\u011fl\u0131\u011fa zararl\u0131 CFC GAZI kullan\u0131lmadan \u00fcretiliyor. Hipoalerjenik yap\u0131s\u0131 sayesinde \u00fczerinde bakteri,k\u00fcf,mantar yada toz akarlar\u0131 bar\u0131nd\u0131rm\u0131yor. Dayan\u0131kl\u0131 yap\u0131lar\u0131 sayesinde uzun y\u0131llar kullan\u0131labiliyor. *Boyun f\u0131t\u0131\u011f\u0131 *Gece horlamalar\u0131 *Uyku esnas\u0131nda rahat ve d\u00fczg\u00fcn nefes al\u0131nmas\u0131 *Uyku apnesini engelleme gibi durumlarda rahatl\u0131kla kullan\u0131labilir.\" \/>\n<meta property=\"og:url\" content=\"https:\/\/www.incaofficial.com\/tr\/urun\/boyun-sagligi-koruma-yastigi\/\" \/>\n<meta property=\"og:site_name\" content=\"INCA Klinik\" \/>\n<meta property=\"article:modified_time\" content=\"2023-06-01T10:32:54+00:00\" \/>\n<meta property=\"og:image\" content=\"https:\/\/www.incaofficial.com\/wp-content\/uploads\/2023\/05\/64.jpg\" \/>\n\t<meta property=\"og:image:width\" content=\"1200\" \/>\n\t<meta property=\"og:image:height\" content=\"1500\" \/>\n\t<meta property=\"og:image:type\" content=\"image\/jpeg\" \/>\n<meta name=\"twitter:card\" content=\"summary_large_image\" \/>\n<script type=\"application\/ld+json\" class=\"yoast-schema-graph\">{\"@context\":\"https:\/\/schema.org\",\"@graph\":[{\"@type\":\"WebPage\",\"@id\":\"https:\/\/www.incaofficial.com\/tr\/urun\/boyun-sagligi-koruma-yastigi\/\",\"url\":\"https:\/\/www.incaofficial.com\/tr\/urun\/boyun-sagligi-koruma-yastigi\/\",\"name\":\"Boyun Sa\u011fl\u0131\u011f\u0131 Koruma Yast\u0131\u011f\u0131 - INCA Klinik\",\"isPartOf\":{\"@id\":\"http:\/\/www.incaofficial.com\/ar\/#website\"},\"datePublished\":\"2023-05-17T21:27:51+00:00\",\"dateModified\":\"2023-06-01T10:32:54+00:00\",\"breadcrumb\":{\"@id\":\"https:\/\/www.incaofficial.com\/tr\/urun\/boyun-sagligi-koruma-yastigi\/#breadcrumb\"},\"inLanguage\":\"tr\",\"potentialAction\":[{\"@type\":\"ReadAction\",\"target\":[\"https:\/\/www.incaofficial.com\/tr\/urun\/boyun-sagligi-koruma-yastigi\/\"]}]},{\"@type\":\"BreadcrumbList\",\"@id\":\"https:\/\/www.incaofficial.com\/tr\/urun\/boyun-sagligi-koruma-yastigi\/#breadcrumb\",\"itemListElement\":[{\"@type\":\"ListItem\",\"position\":1,\"name\":\"Home\",\"item\":\"http:\/\/www.incaofficial.com\/ar\/\"},{\"@type\":\"ListItem\",\"position\":2,\"name\":\"\u0627\u0644\u0645\u0646\u062a\u062c\u0627\u062a\",\"item\":\"http:\/\/www.incaofficial.com\/ar\/shop\/\"},{\"@type\":\"ListItem\",\"position\":3,\"name\":\"Boyun Sa\u011fl\u0131\u011f\u0131 Koruma Yast\u0131\u011f\u0131\"}]},{\"@type\":\"WebSite\",\"@id\":\"http:\/\/www.incaofficial.com\/ar\/#website\",\"url\":\"http:\/\/www.incaofficial.com\/ar\/\",\"name\":\"INCA Klinik\",\"description\":\"\u0130stanbul N\u00f6rocerrahi ve A\u011fr\u0131 Klini\u011fi\",\"potentialAction\":[{\"@type\":\"SearchAction\",\"target\":{\"@type\":\"EntryPoint\",\"urlTemplate\":\"http:\/\/www.incaofficial.com\/ar\/?s={search_term_string}\"},\"query-input\":\"required name=search_term_string\"}],\"inLanguage\":\"tr\"}]}<\/script>\n<!-- \/ Yoast SEO plugin. -->","yoast_head_json":{"title":"Boyun Sa\u011fl\u0131\u011f\u0131 Koruma Yast\u0131\u011f\u0131 - INCA Klinik","robots":{"index":"index","follow":"follow","max-snippet":"max-snippet:-1","max-image-preview":"max-image-preview:large","max-video-preview":"max-video-preview:-1"},"canonical":"https:\/\/www.incaofficial.com\/tr\/urun\/boyun-sagligi-koruma-yastigi\/","og_locale":"tr_TR","og_type":"article","og_title":"Boyun Sa\u011fl\u0131\u011f\u0131 Koruma Yast\u0131\u011f\u0131 - INCA Klinik","og_description":"Visco yast\u0131klar haf\u0131zal\u0131 s\u00fcnger yap\u0131s\u0131 sayesinde ba\u015f,boyun ve omuz kaslar\u0131n\u0131n tam desteklenmesine yard\u0131mc\u0131 oluyor. Hava kanallar\u0131 sayesinde v\u00fccudu uyku esnas\u0131nda terletmiyor. Sa\u011fl\u0131\u011fa zararl\u0131 CFC GAZI kullan\u0131lmadan \u00fcretiliyor. Hipoalerjenik yap\u0131s\u0131 sayesinde \u00fczerinde bakteri,k\u00fcf,mantar yada toz akarlar\u0131 bar\u0131nd\u0131rm\u0131yor. Dayan\u0131kl\u0131 yap\u0131lar\u0131 sayesinde uzun y\u0131llar kullan\u0131labiliyor. *Boyun f\u0131t\u0131\u011f\u0131 *Gece horlamalar\u0131 *Uyku esnas\u0131nda rahat ve d\u00fczg\u00fcn nefes al\u0131nmas\u0131 *Uyku apnesini engelleme gibi durumlarda rahatl\u0131kla kullan\u0131labilir.","og_url":"https:\/\/www.incaofficial.com\/tr\/urun\/boyun-sagligi-koruma-yastigi\/","og_site_name":"INCA Klinik","article_modified_time":"2023-06-01T10:32:54+00:00","og_image":[{"width":1200,"height":1500,"url":"https:\/\/www.incaofficial.com\/wp-content\/uploads\/2023\/05\/64.jpg","type":"image\/jpeg"}],"twitter_card":"summary_large_image","schema":{"@context":"https:\/\/schema.org","@graph":[{"@type":"WebPage","@id":"https:\/\/www.incaofficial.com\/tr\/urun\/boyun-sagligi-koruma-yastigi\/","url":"https:\/\/www.incaofficial.com\/tr\/urun\/boyun-sagligi-koruma-yastigi\/","name":"Boyun Sa\u011fl\u0131\u011f\u0131 Koruma Yast\u0131\u011f\u0131 - INCA Klinik","isPartOf":{"@id":"http:\/\/www.incaofficial.com\/ar\/#website"},"datePublished":"2023-05-17T21:27:51+00:00","dateModified":"2023-06-01T10:32:54+00:00","breadcrumb":{"@id":"https:\/\/www.incaofficial.com\/tr\/urun\/boyun-sagligi-koruma-yastigi\/#breadcrumb"},"inLanguage":"tr","potentialAction":[{"@type":"ReadAction","target":["https:\/\/www.incaofficial.com\/tr\/urun\/boyun-sagligi-koruma-yastigi\/"]}]},{"@type":"BreadcrumbList","@id":"https:\/\/www.incaofficial.com\/tr\/urun\/boyun-sagligi-koruma-yastigi\/#breadcrumb","itemListElement":[{"@type":"ListItem","position":1,"name":"Home","item":"http:\/\/www.incaofficial.com\/ar\/"},{"@type":"ListItem","position":2,"name":"\u0627\u0644\u0645\u0646\u062a\u062c\u0627\u062a","item":"http:\/\/www.incaofficial.com\/ar\/shop\/"},{"@type":"ListItem","position":3,"name":"Boyun Sa\u011fl\u0131\u011f\u0131 Koruma Yast\u0131\u011f\u0131"}]},{"@type":"WebSite","@id":"http:\/\/www.incaofficial.com\/ar\/#website","url":"http:\/\/www.incaofficial.com\/ar\/","name":"INCA Klinik","description":"\u0130stanbul N\u00f6rocerrahi ve A\u011fr\u0131 Klini\u011fi","potentialAction":[{"@type":"SearchAction","target":{"@type":"EntryPoint","urlTemplate":"http:\/\/www.incaofficial.com\/ar\/?s={search_term_string}"},"query-input":"required name=search_term_string"}],"inLanguage":"tr"}]}},"_links":{"self":[{"href":"https:\/\/www.incaofficial.com\/tr\/wp-json\/wp\/v2\/product\/6506"}],"collection":[{"href":"https:\/\/www.incaofficial.com\/tr\/wp-json\/wp\/v2\/product"}],"about":[{"href":"https:\/\/www.incaofficial.com\/tr\/wp-json\/wp\/v2\/types\/product"}],"wp:featuredmedia":[{"embeddable":true,"href":"https:\/\/www.incaofficial.com\/tr\/wp-json\/wp\/v2\/media\/6876"}],"wp:attachment":[{"href":"https:\/\/www.incaofficial.com\/tr\/wp-json\/wp\/v2\/media?parent=6506"}],"wp:term":[{"taxonomy":"product_cat","embeddable":true,"href":"https:\/\/www.incaofficial.com\/tr\/wp-json\/wp\/v2\/product_cat?post=6506"},{"taxonomy":"product_tag","embeddable":true,"href":"https:\/\/www.incaofficial.com\/tr\/wp-json\/wp\/v2\/product_tag?post=6506"}],"curies":[{"name":"wp","href":"https:\/\/api.w.org\/{rel}","templated":true}]}}