{"id":6502,"date":"2023-05-17T21:24:13","date_gmt":"2023-05-17T21:24:13","guid":{"rendered":"https:\/\/www.incaofficial.com\/?post_type=product&#038;p=6502"},"modified":"2023-06-01T10:32:41","modified_gmt":"2023-06-01T10:32:41","slug":"bel-ve-sirt-destek-yastigi","status":"publish","type":"product","link":"https:\/\/www.incaofficial.com\/tr\/urun\/bel-ve-sirt-destek-yastigi\/","title":{"rendered":"Bel ve S\u0131rt Destek Yast\u0131\u011f\u0131"},"content":{"rendered":"","protected":false},"excerpt":{"rendered":"<p>Anatomik v\u00fccut yap\u0131s\u0131n\u0131n d\u00fczeltilebilmesi ve omurili\u011fi d\u00fcz bir \u015fekilde tutarak a\u011fr\u0131lar\u0131n giderilmesi ve f\u0131t\u0131k rahats\u0131zl\u0131\u011f\u0131n\u0131n \u00f6n\u00fcne ge\u00e7ilmesi i\u00e7in oturma d\u00fczeni ve \u00e7al\u0131\u015fma d\u00fczeninde baz\u0131 noktalara dikkat etmek gerekir. Bu noktada bel yast\u0131\u011f\u0131 omurili\u011fin d\u00fcz durmas\u0131n\u0131 ve ki\u015filerin d\u00fcz bir \u015fekilde oturduklar\u0131 yerde rahatl\u0131kla \u00e7al\u0131\u015fmas\u0131n\u0131 sa\u011flar. Ayn\u0131 zamanda boyun ve s\u0131rt a\u011fr\u0131lar\u0131 i\u00e7in de faydal\u0131 bir \u00fcr\u00fcnd\u00fcr. Elastik bir yap\u0131 g\u00f6sterdiklerinden dolay\u0131 bozulmadan ve \u015fekil de\u011fi\u015ftirmeden d\u00fcz bir \u015fekilde oturulmas\u0131n\u0131 sa\u011flar. Terleme ve koku gibi istenmeyen durumlar ortaya \u00e7\u0131kmaz. Kolay bir \u015fekilde temizlenir.<\/p>\n","protected":false},"featured_media":6834,"template":"","meta":[],"product_cat":[80],"product_tag":[],"yoast_head":"<!-- This site is optimized with the Yoast SEO plugin v21.4 - https:\/\/yoast.com\/wordpress\/plugins\/seo\/ -->\n<title>Bel ve S\u0131rt Destek Yast\u0131\u011f\u0131 - INCA Klinik<\/title>\n<meta name=\"robots\" content=\"index, follow, max-snippet:-1, max-image-preview:large, max-video-preview:-1\" \/>\n<link rel=\"canonical\" href=\"https:\/\/www.incaofficial.com\/tr\/urun\/bel-ve-sirt-destek-yastigi\/\" \/>\n<meta property=\"og:locale\" content=\"tr_TR\" \/>\n<meta property=\"og:type\" content=\"article\" \/>\n<meta property=\"og:title\" content=\"Bel ve S\u0131rt Destek Yast\u0131\u011f\u0131 - INCA Klinik\" \/>\n<meta property=\"og:description\" content=\"Anatomik v\u00fccut yap\u0131s\u0131n\u0131n d\u00fczeltilebilmesi ve omurili\u011fi d\u00fcz bir \u015fekilde tutarak a\u011fr\u0131lar\u0131n giderilmesi ve f\u0131t\u0131k rahats\u0131zl\u0131\u011f\u0131n\u0131n \u00f6n\u00fcne ge\u00e7ilmesi i\u00e7in oturma d\u00fczeni ve \u00e7al\u0131\u015fma d\u00fczeninde baz\u0131 noktalara dikkat etmek gerekir. Bu noktada bel yast\u0131\u011f\u0131 omurili\u011fin d\u00fcz durmas\u0131n\u0131 ve ki\u015filerin d\u00fcz bir \u015fekilde oturduklar\u0131 yerde rahatl\u0131kla \u00e7al\u0131\u015fmas\u0131n\u0131 sa\u011flar. Ayn\u0131 zamanda boyun ve s\u0131rt a\u011fr\u0131lar\u0131 i\u00e7in de faydal\u0131 bir \u00fcr\u00fcnd\u00fcr. Elastik bir yap\u0131 g\u00f6sterdiklerinden dolay\u0131 bozulmadan ve \u015fekil de\u011fi\u015ftirmeden d\u00fcz bir \u015fekilde oturulmas\u0131n\u0131 sa\u011flar. Terleme ve koku gibi istenmeyen durumlar ortaya \u00e7\u0131kmaz. Kolay bir \u015fekilde temizlenir.\" \/>\n<meta property=\"og:url\" content=\"https:\/\/www.incaofficial.com\/tr\/urun\/bel-ve-sirt-destek-yastigi\/\" \/>\n<meta property=\"og:site_name\" content=\"INCA Klinik\" \/>\n<meta property=\"article:modified_time\" content=\"2023-06-01T10:32:41+00:00\" \/>\n<meta property=\"og:image\" content=\"https:\/\/www.incaofficial.com\/wp-content\/uploads\/2023\/05\/18.jpg\" \/>\n\t<meta property=\"og:image:width\" content=\"1200\" \/>\n\t<meta property=\"og:image:height\" content=\"1500\" \/>\n\t<meta property=\"og:image:type\" content=\"image\/jpeg\" \/>\n<meta name=\"twitter:card\" content=\"summary_large_image\" \/>\n<script type=\"application\/ld+json\" class=\"yoast-schema-graph\">{\"@context\":\"https:\/\/schema.org\",\"@graph\":[{\"@type\":\"WebPage\",\"@id\":\"https:\/\/www.incaofficial.com\/tr\/urun\/bel-ve-sirt-destek-yastigi\/\",\"url\":\"https:\/\/www.incaofficial.com\/tr\/urun\/bel-ve-sirt-destek-yastigi\/\",\"name\":\"Bel ve S\u0131rt Destek Yast\u0131\u011f\u0131 - INCA Klinik\",\"isPartOf\":{\"@id\":\"http:\/\/www.incaofficial.com\/ar\/#website\"},\"datePublished\":\"2023-05-17T21:24:13+00:00\",\"dateModified\":\"2023-06-01T10:32:41+00:00\",\"breadcrumb\":{\"@id\":\"https:\/\/www.incaofficial.com\/tr\/urun\/bel-ve-sirt-destek-yastigi\/#breadcrumb\"},\"inLanguage\":\"tr\",\"potentialAction\":[{\"@type\":\"ReadAction\",\"target\":[\"https:\/\/www.incaofficial.com\/tr\/urun\/bel-ve-sirt-destek-yastigi\/\"]}]},{\"@type\":\"BreadcrumbList\",\"@id\":\"https:\/\/www.incaofficial.com\/tr\/urun\/bel-ve-sirt-destek-yastigi\/#breadcrumb\",\"itemListElement\":[{\"@type\":\"ListItem\",\"position\":1,\"name\":\"Home\",\"item\":\"http:\/\/www.incaofficial.com\/ar\/\"},{\"@type\":\"ListItem\",\"position\":2,\"name\":\"\u0627\u0644\u0645\u0646\u062a\u062c\u0627\u062a\",\"item\":\"http:\/\/www.incaofficial.com\/ar\/shop\/\"},{\"@type\":\"ListItem\",\"position\":3,\"name\":\"Bel ve S\u0131rt Destek Yast\u0131\u011f\u0131\"}]},{\"@type\":\"WebSite\",\"@id\":\"http:\/\/www.incaofficial.com\/ar\/#website\",\"url\":\"http:\/\/www.incaofficial.com\/ar\/\",\"name\":\"INCA Klinik\",\"description\":\"\u0130stanbul N\u00f6rocerrahi ve A\u011fr\u0131 Klini\u011fi\",\"potentialAction\":[{\"@type\":\"SearchAction\",\"target\":{\"@type\":\"EntryPoint\",\"urlTemplate\":\"http:\/\/www.incaofficial.com\/ar\/?s={search_term_string}\"},\"query-input\":\"required name=search_term_string\"}],\"inLanguage\":\"tr\"}]}<\/script>\n<!-- \/ Yoast SEO plugin. -->","yoast_head_json":{"title":"Bel ve S\u0131rt Destek Yast\u0131\u011f\u0131 - INCA Klinik","robots":{"index":"index","follow":"follow","max-snippet":"max-snippet:-1","max-image-preview":"max-image-preview:large","max-video-preview":"max-video-preview:-1"},"canonical":"https:\/\/www.incaofficial.com\/tr\/urun\/bel-ve-sirt-destek-yastigi\/","og_locale":"tr_TR","og_type":"article","og_title":"Bel ve S\u0131rt Destek Yast\u0131\u011f\u0131 - INCA Klinik","og_description":"Anatomik v\u00fccut yap\u0131s\u0131n\u0131n d\u00fczeltilebilmesi ve omurili\u011fi d\u00fcz bir \u015fekilde tutarak a\u011fr\u0131lar\u0131n giderilmesi ve f\u0131t\u0131k rahats\u0131zl\u0131\u011f\u0131n\u0131n \u00f6n\u00fcne ge\u00e7ilmesi i\u00e7in oturma d\u00fczeni ve \u00e7al\u0131\u015fma d\u00fczeninde baz\u0131 noktalara dikkat etmek gerekir. Bu noktada bel yast\u0131\u011f\u0131 omurili\u011fin d\u00fcz durmas\u0131n\u0131 ve ki\u015filerin d\u00fcz bir \u015fekilde oturduklar\u0131 yerde rahatl\u0131kla \u00e7al\u0131\u015fmas\u0131n\u0131 sa\u011flar. Ayn\u0131 zamanda boyun ve s\u0131rt a\u011fr\u0131lar\u0131 i\u00e7in de faydal\u0131 bir \u00fcr\u00fcnd\u00fcr. Elastik bir yap\u0131 g\u00f6sterdiklerinden dolay\u0131 bozulmadan ve \u015fekil de\u011fi\u015ftirmeden d\u00fcz bir \u015fekilde oturulmas\u0131n\u0131 sa\u011flar. Terleme ve koku gibi istenmeyen durumlar ortaya \u00e7\u0131kmaz. Kolay bir \u015fekilde temizlenir.","og_url":"https:\/\/www.incaofficial.com\/tr\/urun\/bel-ve-sirt-destek-yastigi\/","og_site_name":"INCA Klinik","article_modified_time":"2023-06-01T10:32:41+00:00","og_image":[{"width":1200,"height":1500,"url":"https:\/\/www.incaofficial.com\/wp-content\/uploads\/2023\/05\/18.jpg","type":"image\/jpeg"}],"twitter_card":"summary_large_image","schema":{"@context":"https:\/\/schema.org","@graph":[{"@type":"WebPage","@id":"https:\/\/www.incaofficial.com\/tr\/urun\/bel-ve-sirt-destek-yastigi\/","url":"https:\/\/www.incaofficial.com\/tr\/urun\/bel-ve-sirt-destek-yastigi\/","name":"Bel ve S\u0131rt Destek Yast\u0131\u011f\u0131 - INCA Klinik","isPartOf":{"@id":"http:\/\/www.incaofficial.com\/ar\/#website"},"datePublished":"2023-05-17T21:24:13+00:00","dateModified":"2023-06-01T10:32:41+00:00","breadcrumb":{"@id":"https:\/\/www.incaofficial.com\/tr\/urun\/bel-ve-sirt-destek-yastigi\/#breadcrumb"},"inLanguage":"tr","potentialAction":[{"@type":"ReadAction","target":["https:\/\/www.incaofficial.com\/tr\/urun\/bel-ve-sirt-destek-yastigi\/"]}]},{"@type":"BreadcrumbList","@id":"https:\/\/www.incaofficial.com\/tr\/urun\/bel-ve-sirt-destek-yastigi\/#breadcrumb","itemListElement":[{"@type":"ListItem","position":1,"name":"Home","item":"http:\/\/www.incaofficial.com\/ar\/"},{"@type":"ListItem","position":2,"name":"\u0627\u0644\u0645\u0646\u062a\u062c\u0627\u062a","item":"http:\/\/www.incaofficial.com\/ar\/shop\/"},{"@type":"ListItem","position":3,"name":"Bel ve S\u0131rt Destek Yast\u0131\u011f\u0131"}]},{"@type":"WebSite","@id":"http:\/\/www.incaofficial.com\/ar\/#website","url":"http:\/\/www.incaofficial.com\/ar\/","name":"INCA Klinik","description":"\u0130stanbul N\u00f6rocerrahi ve A\u011fr\u0131 Klini\u011fi","potentialAction":[{"@type":"SearchAction","target":{"@type":"EntryPoint","urlTemplate":"http:\/\/www.incaofficial.com\/ar\/?s={search_term_string}"},"query-input":"required name=search_term_string"}],"inLanguage":"tr"}]}},"_links":{"self":[{"href":"https:\/\/www.incaofficial.com\/tr\/wp-json\/wp\/v2\/product\/6502"}],"collection":[{"href":"https:\/\/www.incaofficial.com\/tr\/wp-json\/wp\/v2\/product"}],"about":[{"href":"https:\/\/www.incaofficial.com\/tr\/wp-json\/wp\/v2\/types\/product"}],"wp:featuredmedia":[{"embeddable":true,"href":"https:\/\/www.incaofficial.com\/tr\/wp-json\/wp\/v2\/media\/6834"}],"wp:attachment":[{"href":"https:\/\/www.incaofficial.com\/tr\/wp-json\/wp\/v2\/media?parent=6502"}],"wp:term":[{"taxonomy":"product_cat","embeddable":true,"href":"https:\/\/www.incaofficial.com\/tr\/wp-json\/wp\/v2\/product_cat?post=6502"},{"taxonomy":"product_tag","embeddable":true,"href":"https:\/\/www.incaofficial.com\/tr\/wp-json\/wp\/v2\/product_tag?post=6502"}],"curies":[{"name":"wp","href":"https:\/\/api.w.org\/{rel}","templated":true}]}}