{"id":6486,"date":"2023-05-17T21:05:03","date_gmt":"2023-05-17T21:05:03","guid":{"rendered":"https:\/\/www.incaofficial.com\/?post_type=product&#038;p=6486"},"modified":"2023-05-22T22:54:59","modified_gmt":"2023-05-22T22:54:59","slug":"lumbosoft-pluslumbo-sakral-korse","status":"publish","type":"product","link":"https:\/\/www.incaofficial.com\/tr\/urun\/lumbosoft-pluslumbo-sakral-korse\/","title":{"rendered":"Lumbosoft Plus(Lumbo Sakral Korse)"},"content":{"rendered":"","protected":false},"excerpt":{"rendered":"<p>*Lumbo-sakral b\u00f6lge deste\u011fi ve stabilizasyonu sa\u011flar.<br \/>\n*Korsenin arka b\u00f6l\u00fcm\u00fcnde v\u00fccudun anatomisine uygun \u015fekilde 4 adet \u00e7elik balenler vard\u0131r.<br \/>\n*M\u00fcsk\u00fcler gerginli\u011fi azaltarak a\u011fr\u0131y\u0131 hafifletir.<br \/>\n*Hava ge\u00e7iren ve nem uzakla\u015ft\u0131r\u0131c\u0131 \u00f6zelli\u011fi sahip \u00fc\u00e7 boyutlu \u00f6rg\u00fc kuma\u015ftan \u00fcretilmi\u015ftir.<br \/>\n*Korsenin \u00f6n sa\u011f ve sol yanlar\u0131nda bulunan el ge\u00e7irme bantlar\u0131 ile kolay uygulama sa\u011flan\u0131r.<br \/>\n*Arka y\u00fcksekli\u011fi 30 cm \u00f6n y\u00fcksekli\u011fi 16 cm\u2019dir.<br \/>\n*Ekstra bantlar\u0131 sayesinde daha rigit destek ve stabilizasyon sa\u011flar.<\/p>\n","protected":false},"featured_media":6851,"template":"","meta":[],"product_cat":[83],"product_tag":[],"yoast_head":"<!-- This site is optimized with the Yoast SEO plugin v21.4 - https:\/\/yoast.com\/wordpress\/plugins\/seo\/ -->\n<title>Lumbosoft Plus(Lumbo Sakral Korse) - INCA Klinik<\/title>\n<meta name=\"robots\" content=\"index, follow, max-snippet:-1, max-image-preview:large, max-video-preview:-1\" \/>\n<link rel=\"canonical\" href=\"https:\/\/www.incaofficial.com\/tr\/product\/lumbosoft-pluslumbo-sakral-korse\/\" \/>\n<meta property=\"og:locale\" content=\"tr_TR\" \/>\n<meta property=\"og:type\" content=\"article\" \/>\n<meta property=\"og:title\" content=\"Lumbosoft Plus(Lumbo Sakral Korse) - INCA Klinik\" \/>\n<meta property=\"og:description\" content=\"*Lumbo-sakral b\u00f6lge deste\u011fi ve stabilizasyonu sa\u011flar. *Korsenin arka b\u00f6l\u00fcm\u00fcnde v\u00fccudun anatomisine uygun \u015fekilde 4 adet \u00e7elik balenler vard\u0131r. *M\u00fcsk\u00fcler gerginli\u011fi azaltarak a\u011fr\u0131y\u0131 hafifletir. *Hava ge\u00e7iren ve nem uzakla\u015ft\u0131r\u0131c\u0131 \u00f6zelli\u011fi sahip \u00fc\u00e7 boyutlu \u00f6rg\u00fc kuma\u015ftan \u00fcretilmi\u015ftir. *Korsenin \u00f6n sa\u011f ve sol yanlar\u0131nda bulunan el ge\u00e7irme bantlar\u0131 ile kolay uygulama sa\u011flan\u0131r. *Arka y\u00fcksekli\u011fi 30 cm \u00f6n y\u00fcksekli\u011fi 16 cm\u2019dir. *Ekstra bantlar\u0131 sayesinde daha rigit destek ve stabilizasyon sa\u011flar.\" \/>\n<meta property=\"og:url\" content=\"https:\/\/www.incaofficial.com\/tr\/product\/lumbosoft-pluslumbo-sakral-korse\/\" \/>\n<meta property=\"og:site_name\" content=\"INCA Klinik\" \/>\n<meta property=\"article:modified_time\" content=\"2023-05-22T22:54:59+00:00\" \/>\n<meta property=\"og:image\" content=\"https:\/\/www.incaofficial.com\/wp-content\/uploads\/2023\/05\/26.jpg\" \/>\n\t<meta property=\"og:image:width\" content=\"1200\" \/>\n\t<meta property=\"og:image:height\" content=\"1500\" \/>\n\t<meta property=\"og:image:type\" content=\"image\/jpeg\" \/>\n<meta name=\"twitter:card\" content=\"summary_large_image\" \/>\n<script type=\"application\/ld+json\" class=\"yoast-schema-graph\">{\"@context\":\"https:\/\/schema.org\",\"@graph\":[{\"@type\":\"WebPage\",\"@id\":\"https:\/\/www.incaofficial.com\/ar\/product\/lumbosoft-pluslumbo-sakral-korse\/\",\"url\":\"https:\/\/www.incaofficial.com\/ar\/product\/lumbosoft-pluslumbo-sakral-korse\/\",\"name\":\"Lumbosoft Plus(Lumbo Sakral Korse) - INCA Klinik\",\"isPartOf\":{\"@id\":\"http:\/\/www.incaofficial.com\/ar\/#website\"},\"datePublished\":\"2023-05-17T21:05:03+00:00\",\"dateModified\":\"2023-05-22T22:54:59+00:00\",\"breadcrumb\":{\"@id\":\"https:\/\/www.incaofficial.com\/ar\/product\/lumbosoft-pluslumbo-sakral-korse\/#breadcrumb\"},\"inLanguage\":\"tr\",\"potentialAction\":[{\"@type\":\"ReadAction\",\"target\":[\"https:\/\/www.incaofficial.com\/ar\/product\/lumbosoft-pluslumbo-sakral-korse\/\"]}]},{\"@type\":\"BreadcrumbList\",\"@id\":\"https:\/\/www.incaofficial.com\/ar\/product\/lumbosoft-pluslumbo-sakral-korse\/#breadcrumb\",\"itemListElement\":[{\"@type\":\"ListItem\",\"position\":1,\"name\":\"Home\",\"item\":\"http:\/\/www.incaofficial.com\/ar\/\"},{\"@type\":\"ListItem\",\"position\":2,\"name\":\"\u0627\u0644\u0645\u0646\u062a\u062c\u0627\u062a\",\"item\":\"http:\/\/www.incaofficial.com\/ar\/shop\/\"},{\"@type\":\"ListItem\",\"position\":3,\"name\":\"Lumbosoft Plus(Lumbo Sakral Korse)\"}]},{\"@type\":\"WebSite\",\"@id\":\"http:\/\/www.incaofficial.com\/ar\/#website\",\"url\":\"http:\/\/www.incaofficial.com\/ar\/\",\"name\":\"INCA Klinik\",\"description\":\"\u0130stanbul N\u00f6rocerrahi ve A\u011fr\u0131 Klini\u011fi\",\"potentialAction\":[{\"@type\":\"SearchAction\",\"target\":{\"@type\":\"EntryPoint\",\"urlTemplate\":\"http:\/\/www.incaofficial.com\/ar\/?s={search_term_string}\"},\"query-input\":\"required name=search_term_string\"}],\"inLanguage\":\"tr\"}]}<\/script>\n<!-- \/ Yoast SEO plugin. -->","yoast_head_json":{"title":"Lumbosoft Plus(Lumbo Sakral Korse) - INCA Klinik","robots":{"index":"index","follow":"follow","max-snippet":"max-snippet:-1","max-image-preview":"max-image-preview:large","max-video-preview":"max-video-preview:-1"},"canonical":"https:\/\/www.incaofficial.com\/tr\/product\/lumbosoft-pluslumbo-sakral-korse\/","og_locale":"tr_TR","og_type":"article","og_title":"Lumbosoft Plus(Lumbo Sakral Korse) - INCA Klinik","og_description":"*Lumbo-sakral b\u00f6lge deste\u011fi ve stabilizasyonu sa\u011flar. *Korsenin arka b\u00f6l\u00fcm\u00fcnde v\u00fccudun anatomisine uygun \u015fekilde 4 adet \u00e7elik balenler vard\u0131r. *M\u00fcsk\u00fcler gerginli\u011fi azaltarak a\u011fr\u0131y\u0131 hafifletir. *Hava ge\u00e7iren ve nem uzakla\u015ft\u0131r\u0131c\u0131 \u00f6zelli\u011fi sahip \u00fc\u00e7 boyutlu \u00f6rg\u00fc kuma\u015ftan \u00fcretilmi\u015ftir. *Korsenin \u00f6n sa\u011f ve sol yanlar\u0131nda bulunan el ge\u00e7irme bantlar\u0131 ile kolay uygulama sa\u011flan\u0131r. *Arka y\u00fcksekli\u011fi 30 cm \u00f6n y\u00fcksekli\u011fi 16 cm\u2019dir. *Ekstra bantlar\u0131 sayesinde daha rigit destek ve stabilizasyon sa\u011flar.","og_url":"https:\/\/www.incaofficial.com\/tr\/product\/lumbosoft-pluslumbo-sakral-korse\/","og_site_name":"INCA Klinik","article_modified_time":"2023-05-22T22:54:59+00:00","og_image":[{"width":1200,"height":1500,"url":"https:\/\/www.incaofficial.com\/wp-content\/uploads\/2023\/05\/26.jpg","type":"image\/jpeg"}],"twitter_card":"summary_large_image","schema":{"@context":"https:\/\/schema.org","@graph":[{"@type":"WebPage","@id":"https:\/\/www.incaofficial.com\/ar\/product\/lumbosoft-pluslumbo-sakral-korse\/","url":"https:\/\/www.incaofficial.com\/ar\/product\/lumbosoft-pluslumbo-sakral-korse\/","name":"Lumbosoft Plus(Lumbo Sakral Korse) - INCA Klinik","isPartOf":{"@id":"http:\/\/www.incaofficial.com\/ar\/#website"},"datePublished":"2023-05-17T21:05:03+00:00","dateModified":"2023-05-22T22:54:59+00:00","breadcrumb":{"@id":"https:\/\/www.incaofficial.com\/ar\/product\/lumbosoft-pluslumbo-sakral-korse\/#breadcrumb"},"inLanguage":"tr","potentialAction":[{"@type":"ReadAction","target":["https:\/\/www.incaofficial.com\/ar\/product\/lumbosoft-pluslumbo-sakral-korse\/"]}]},{"@type":"BreadcrumbList","@id":"https:\/\/www.incaofficial.com\/ar\/product\/lumbosoft-pluslumbo-sakral-korse\/#breadcrumb","itemListElement":[{"@type":"ListItem","position":1,"name":"Home","item":"http:\/\/www.incaofficial.com\/ar\/"},{"@type":"ListItem","position":2,"name":"\u0627\u0644\u0645\u0646\u062a\u062c\u0627\u062a","item":"http:\/\/www.incaofficial.com\/ar\/shop\/"},{"@type":"ListItem","position":3,"name":"Lumbosoft Plus(Lumbo Sakral Korse)"}]},{"@type":"WebSite","@id":"http:\/\/www.incaofficial.com\/ar\/#website","url":"http:\/\/www.incaofficial.com\/ar\/","name":"INCA Klinik","description":"\u0130stanbul N\u00f6rocerrahi ve A\u011fr\u0131 Klini\u011fi","potentialAction":[{"@type":"SearchAction","target":{"@type":"EntryPoint","urlTemplate":"http:\/\/www.incaofficial.com\/ar\/?s={search_term_string}"},"query-input":"required name=search_term_string"}],"inLanguage":"tr"}]}},"_links":{"self":[{"href":"https:\/\/www.incaofficial.com\/tr\/wp-json\/wp\/v2\/product\/6486"}],"collection":[{"href":"https:\/\/www.incaofficial.com\/tr\/wp-json\/wp\/v2\/product"}],"about":[{"href":"https:\/\/www.incaofficial.com\/tr\/wp-json\/wp\/v2\/types\/product"}],"wp:featuredmedia":[{"embeddable":true,"href":"https:\/\/www.incaofficial.com\/tr\/wp-json\/wp\/v2\/media\/6851"}],"wp:attachment":[{"href":"https:\/\/www.incaofficial.com\/tr\/wp-json\/wp\/v2\/media?parent=6486"}],"wp:term":[{"taxonomy":"product_cat","embeddable":true,"href":"https:\/\/www.incaofficial.com\/tr\/wp-json\/wp\/v2\/product_cat?post=6486"},{"taxonomy":"product_tag","embeddable":true,"href":"https:\/\/www.incaofficial.com\/tr\/wp-json\/wp\/v2\/product_tag?post=6486"}],"curies":[{"name":"wp","href":"https:\/\/api.w.org\/{rel}","templated":true}]}}