{"id":6321,"date":"2023-05-16T04:04:29","date_gmt":"2023-05-16T04:04:29","guid":{"rendered":"https:\/\/www.incaofficial.com\/?page_id=6321"},"modified":"2023-05-16T04:06:04","modified_gmt":"2023-05-16T04:06:04","slug":"aydinlatma-metni","status":"publish","type":"page","link":"https:\/\/www.incaofficial.com\/tr\/aydinlatma-metni\/","title":{"rendered":"Ayd\u0131nlatma Metni"},"content":{"rendered":"\t\t<div data-elementor-type=\"wp-post\" data-elementor-id=\"6321\" class=\"elementor elementor-6321\">\n\t\t\t\t\t\t\t\t\t<section class=\"elementor-section elementor-top-section elementor-element elementor-element-683c7cf elementor-section-boxed elementor-section-height-default elementor-section-height-default\" data-id=\"683c7cf\" data-element_type=\"section\" data-settings=\"{&quot;background_background&quot;:&quot;classic&quot;}\">\n\t\t\t\t\t\t<div class=\"elementor-container elementor-column-gap-default\">\n\t\t\t\t\t<div class=\"elementor-column elementor-col-100 elementor-top-column elementor-element elementor-element-15518d8\" data-id=\"15518d8\" data-element_type=\"column\">\n\t\t\t<div class=\"elementor-widget-wrap elementor-element-populated\">\n\t\t\t\t\t\t\t\t<div class=\"elementor-element elementor-element-b03fd49 elementor-widget elementor-widget-elementskit-heading\" data-id=\"b03fd49\" data-element_type=\"widget\" data-widget_type=\"elementskit-heading.default\">\n\t\t\t\t<div class=\"elementor-widget-container\">\n\t\t\t<div class=\"ekit-wid-con\" ><div class=\"ekit-heading elementskit-section-title-wraper    ekit_heading_tablet-   ekit_heading_mobile-\"><div class=\"ekit_heading_separetor_wraper ekit_heading_elementskit-border-divider elementskit-style-long\"><div class=\"elementskit-border-divider elementskit-style-long\"><\/div><\/div><\/div><\/div>\t\t<\/div>\n\t\t\t\t<\/div>\n\t\t\t\t\t<\/div>\n\t\t<\/div>\n\t\t\t\t\t\t\t<\/div>\n\t\t<\/section>\n\t\t\t\t<section class=\"elementor-section elementor-top-section elementor-element elementor-element-efde74f elementor-reverse-mobile elementor-section-boxed elementor-section-height-default elementor-section-height-default\" data-id=\"efde74f\" data-element_type=\"section\">\n\t\t\t\t\t\t<div class=\"elementor-container elementor-column-gap-default\">\n\t\t\t\t\t<div class=\"elementor-column elementor-col-100 elementor-top-column elementor-element elementor-element-5576567\" data-id=\"5576567\" data-element_type=\"column\">\n\t\t\t<div class=\"elementor-widget-wrap elementor-element-populated\">\n\t\t\t\t\t\t\t\t<div class=\"elementor-element elementor-element-b0bfdbd elementor-widget elementor-widget-text-editor\" data-id=\"b0bfdbd\" data-element_type=\"widget\" data-widget_type=\"text-editor.default\">\n\t\t\t\t<div class=\"elementor-widget-container\">\n\t\t\t<style>\/*! elementor - v3.16.0 - 17-10-2023 *\/\n.elementor-widget-text-editor.elementor-drop-cap-view-stacked .elementor-drop-cap{background-color:#69727d;color:#fff}.elementor-widget-text-editor.elementor-drop-cap-view-framed .elementor-drop-cap{color:#69727d;border:3px solid;background-color:transparent}.elementor-widget-text-editor:not(.elementor-drop-cap-view-default) .elementor-drop-cap{margin-top:8px}.elementor-widget-text-editor:not(.elementor-drop-cap-view-default) .elementor-drop-cap-letter{width:1em;height:1em}.elementor-widget-text-editor .elementor-drop-cap{float:left;text-align:center;line-height:1;font-size:50px}.elementor-widget-text-editor .elementor-drop-cap-letter{display:inline-block}<\/style>\t\t\t\t<p>Inca \u0130stanbul N\u00f6rocerrahi ve A\u011fr\u0131 Merkezi-Op.Dr. Kerem b\u0131kmaz(\u201c<strong>Klinik<\/strong>\u201d) olarak, Veri Sorumlusu s\u0131fat\u0131yla ki\u015fisel verilerinizin gizlili\u011fi ve g\u00fcvenli\u011fine b\u00fcy\u00fck \u00f6nem veriyoruz. Bu bilin\u00e7le siz de\u011ferli ziyaret\u00e7ilerimizi \u00a06698 say\u0131l\u0131 Ki\u015fisel Verilerin Korunmas\u0131 Kanunu (\u201c<strong>Kanun ve\/veya KVKK<\/strong>\u201d) ve ilgili mevzuat uyar\u0131nca online randevu ve ileti\u015fim s\u00fcre\u00e7lerinde i\u015flenen ki\u015fisel verileriniz hakk\u0131nda bilgilendirmek isteriz.<\/p><h5>1. Ki\u015fisel Verilerinizin \u0130\u015flenme Amac\u0131 ve Hukuki Sebebi<\/h5><h5>\u0130nternet sitemizde yer alan \u0130leti\u015fim, Online Randevu, MR De\u011ferlendirme formlar\u0131 arac\u0131l\u0131\u011f\u0131yla bizlerle payla\u015ft\u0131\u011f\u0131n\u0131z A<em>d Soyad Do\u011fum Tarihi, \u00dclke Bilgisi, E-Posta, Telefon, Referans Bilgisi, Belirti, Semptom Bilgileri, Sistematik Rahats\u0131zl\u0131klar, MR G\u00f6r\u00fcnt\u00fcleri gibi Sa\u011fl\u0131k Bilgileriniz ile Mesaj Konusu<\/em>\u00a0\u015feklindeki ki\u015fisel verileriniz soru, bilgi alma ve randevu taleplerinizin yan\u0131tlanmas\u0131, bizlerle ileti\u015fime ge\u00e7ti\u011finiz konular hakk\u0131nda yard\u0131mc\u0131 olabilmek ve g\u00f6r\u00fc\u015f ve \u00f6nerilerinizin de\u011ferlendirilmesi ile t\u0131bbi te\u015fhis, tedavi ve bak\u0131m hizmetlerinin y\u00fcr\u00fct\u00fclmesi ama\u00e7lar\u0131yla KVKK m.5\u2019te yer alan \u201c<em>bir s\u00f6zle\u015fmenin kurulmas\u0131 ve ifas\u0131 i\u00e7in zorunlu olmas\u0131<\/em>\u201d ile v<em>eri sorumlusunun me\u015fru menfaatleri i\u00e7in veri i\u015flenmesinin zorunlu olmas\u0131<\/em>\u201d hukuki sebeplerine, sa\u011fl\u0131k bilgilerinizi ise KVKK m.6\/3 kapsam\u0131nda\u00a0<em>t\u0131bb\u00ee te\u015fhis, tedavi ve bak\u0131m hizmetlerinin y\u00fcr\u00fct\u00fclmesi, sa\u011fl\u0131k hizmetlerinin planlanmas\u0131 ve y\u00f6netimi amac\u0131yla s\u0131r saklama y\u00fck\u00fcml\u00fcl\u00fc\u011f\u00fc alt\u0131nda bulunan ki\u015filer taraf\u0131ndan i\u015flenmesi<\/em>\u00a0hukuki sebebine dayanarak i\u015flenmektedir.<\/h5><h5>\u00a0<\/h5><h5>2. Ki\u015fisel Verilerinizin Toplanma Y\u00f6ntemi<\/h5><p>Ki\u015fisel verileriniz internet sitemizde yer alan ileti\u015fim formlar\u0131 arac\u0131l\u0131\u011f\u0131yla otomatik y\u00f6ntemlerle toplanmaktad\u0131r.<\/p><h5>3. Ki\u015fisel Verilerinizin Aktar\u0131lmas\u0131<\/h5><h5>\u0130lgili s\u00fcre\u00e7te taraf\u0131m\u0131zla payla\u015ft\u0131\u011f\u0131n\u0131z ki\u015fisel veriler, hasta hekim ili\u015fkisinin devam\u0131 s\u00fcresince Kanun ve sair sa\u011fl\u0131k mevzuat\u0131ndan kaynakl\u0131 y\u00fck\u00fcml\u00fcl\u00fcklerimizin gerektirmesi halinde yetkili ki\u015fi\/kurum ve\/veya kurulu\u015flar, Sa\u011fl\u0131k Bakanl\u0131\u011f\u0131, \u0130l Sa\u011fl\u0131k M\u00fcd\u00fcrl\u00fckleri, Sa\u011fl\u0131k Bakanl\u0131\u011f\u0131na ba\u011fl\u0131 sair birimler ve hasta bilgi y\u00f6netim sistemlerine, tedavinizin gerekli k\u0131lmas\u0131 haline hastaneler, uzman doktorlar ile hukuki bir uyu\u015fmazl\u0131k olmas\u0131 halinde ilgili yasal mercilere aktar\u0131labilecektir.<\/h5><h3>\u00a0<\/h3><h5>4. \u0130lgili Ki\u015fi Olarak Haklar\u0131n\u0131z<\/h5><p>\u0130lgili ki\u015fi olarak Kanun\u2019un 11.maddesi uyar\u0131nca;<\/p><ul><li>Ki\u015fisel verilerinizin i\u015flenip i\u015flenmedi\u011fini \u00f6\u011frenme, ki\u015fisel veriler i\u015flenmi\u015fse buna ili\u015fkin bilgi talep etme,<\/li><li>Ki\u015fisel verilerinizin i\u015flenme amac\u0131n\u0131 ve bunlar\u0131n amac\u0131na uygun kullan\u0131l\u0131p kullan\u0131lmad\u0131\u011f\u0131n\u0131 \u00f6\u011frenme,<\/li><li>Yurt i\u00e7inde veya yurt d\u0131\u015f\u0131nda ki\u015fisel verilerinizin aktar\u0131ld\u0131\u011f\u0131 \u00fc\u00e7\u00fcnc\u00fc ki\u015fileri bilme,<\/li><li>Ki\u015fisel verilerinizin eksik veya yanl\u0131\u015f i\u015flenmi\u015f olmas\u0131 h\u00e2linde bunlar\u0131n d\u00fczeltilmesini isteme,<\/li><li>Ki\u015fisel verilerinizin silinmesini veya yok edilmesini isteme,<\/li><li>Ki\u015fisel verilerinizin eksik veya yanl\u0131\u015f i\u015flenmi\u015f olmas\u0131 h\u00e2linde bunlar\u0131n d\u00fczeltilmesine ve\/veya ki\u015fisel verilerin silinmesini veya yok edilmesine ili\u015fkin i\u015flemlerin ki\u015fisel verilerin aktar\u0131ld\u0131\u011f\u0131 \u00fc\u00e7\u00fcnc\u00fc ki\u015filere bildirilmesini isteme,<\/li><li>\u0130\u015flenen verilerinizin m\u00fcnhas\u0131ran otomatik sistemler vas\u0131tas\u0131yla analiz edilmesi suretiyle aleyhinize bir sonucun ortaya \u00e7\u0131kmas\u0131na itiraz etme,<\/li><li>Ki\u015fisel verilerinizin kanuna ayk\u0131r\u0131 olarak i\u015flenmesi sebebiyle zarara u\u011framan\u0131z h\u00e2linde zarar\u0131n giderilmesini talep etme haklar\u0131na sahipsiniz.<\/li><\/ul><p>KVKK ile ilgili talep ve bildirimlerinizi internet sitemizde yer alan\u00a0<strong><u>ba\u015fvuru formunu<\/u><\/strong>\u00a0doldurarak,\u00a0<em>\u201c<\/em><em>Dikilita\u015f Mahallesi, Hakk\u0131 Yeten Cd. Selenium Plaza, 10\/C Blok Kat:13 \u015ei\u015fli\/<\/em><em>\u0130stanbul\u201d<\/em>\u00a0adresimize \u015fahsen ba\u015fvuru ya da noter vas\u0131tas\u0131yla g\u00f6nderebilir ya da daha \u00f6nce kay\u0131tl\u0131 mail adresinizle<strong><span style=\"color: #000000;\">\u00a0<\/span><\/strong><a href=\"mailto:bilgi@incaofficial.com\"><strong><span style=\"color: #000000;\">bilgi@incaofficial.com<\/span><\/strong><\/a>\u00a0adresine mail atarak iletebilirsiniz.<\/p>\t\t\t\t\t\t<\/div>\n\t\t\t\t<\/div>\n\t\t\t\t\t<\/div>\n\t\t<\/div>\n\t\t\t\t\t\t\t<\/div>\n\t\t<\/section>\n\t\t\t\t\t\t\t<\/div>\n\t\t","protected":false},"excerpt":{"rendered":"<p>Inca \u0130stanbul N\u00f6rocerrahi ve A\u011fr\u0131 Merkezi-Op.Dr. Kerem b\u0131kmaz(\u201cKlinik\u201d) olarak, Veri Sorumlusu s\u0131fat\u0131yla ki\u015fisel verilerinizin gizlili\u011fi ve g\u00fcvenli\u011fine b\u00fcy\u00fck \u00f6nem veriyoruz. Bu bilin\u00e7le siz de\u011ferli ziyaret\u00e7ilerimizi \u00a06698 say\u0131l\u0131 Ki\u015fisel Verilerin Korunmas\u0131 Kanunu (\u201cKanun ve\/veya KVKK\u201d) ve ilgili mevzuat uyar\u0131nca online randevu ve ileti\u015fim s\u00fcre\u00e7lerinde i\u015flenen ki\u015fisel verileriniz hakk\u0131nda bilgilendirmek isteriz. 1. Ki\u015fisel Verilerinizin \u0130\u015flenme Amac\u0131 ve [&hellip;]<\/p>\n","protected":false},"author":1,"featured_media":0,"parent":0,"menu_order":0,"comment_status":"closed","ping_status":"closed","template":"elementor_header_footer","meta":[],"yoast_head":"<!-- This site is optimized with the Yoast SEO plugin v21.4 - https:\/\/yoast.com\/wordpress\/plugins\/seo\/ -->\n<title>Ayd\u0131nlatma Metni - INCA Klinik<\/title>\n<meta name=\"robots\" content=\"index, follow, max-snippet:-1, max-image-preview:large, max-video-preview:-1\" \/>\n<link rel=\"canonical\" href=\"https:\/\/www.incaofficial.com\/tr\/aydinlatma-metni\/\" \/>\n<meta property=\"og:locale\" content=\"tr_TR\" \/>\n<meta property=\"og:type\" content=\"article\" \/>\n<meta property=\"og:title\" content=\"Ayd\u0131nlatma Metni - INCA Klinik\" \/>\n<meta property=\"og:description\" content=\"Inca \u0130stanbul N\u00f6rocerrahi ve A\u011fr\u0131 Merkezi-Op.Dr. Kerem b\u0131kmaz(\u201cKlinik\u201d) olarak, Veri Sorumlusu s\u0131fat\u0131yla ki\u015fisel verilerinizin gizlili\u011fi ve g\u00fcvenli\u011fine b\u00fcy\u00fck \u00f6nem veriyoruz. Bu bilin\u00e7le siz de\u011ferli ziyaret\u00e7ilerimizi \u00a06698 say\u0131l\u0131 Ki\u015fisel Verilerin Korunmas\u0131 Kanunu (\u201cKanun ve\/veya KVKK\u201d) ve ilgili mevzuat uyar\u0131nca online randevu ve ileti\u015fim s\u00fcre\u00e7lerinde i\u015flenen ki\u015fisel verileriniz hakk\u0131nda bilgilendirmek isteriz. 1. Ki\u015fisel Verilerinizin \u0130\u015flenme Amac\u0131 ve [&hellip;]\" \/>\n<meta property=\"og:url\" content=\"https:\/\/www.incaofficial.com\/tr\/aydinlatma-metni\/\" \/>\n<meta property=\"og:site_name\" content=\"INCA Klinik\" \/>\n<meta property=\"article:modified_time\" content=\"2023-05-16T04:06:04+00:00\" \/>\n<meta name=\"twitter:card\" content=\"summary_large_image\" \/>\n<meta name=\"twitter:label1\" content=\"Tahmini okuma s\u00fcresi\" \/>\n\t<meta name=\"twitter:data1\" content=\"3 dakika\" \/>\n<script type=\"application\/ld+json\" class=\"yoast-schema-graph\">{\"@context\":\"https:\/\/schema.org\",\"@graph\":[{\"@type\":\"WebPage\",\"@id\":\"https:\/\/www.incaofficial.com\/tr\/aydinlatma-metni\/\",\"url\":\"https:\/\/www.incaofficial.com\/tr\/aydinlatma-metni\/\",\"name\":\"Ayd\u0131nlatma Metni - INCA Klinik\",\"isPartOf\":{\"@id\":\"http:\/\/www.incaofficial.com\/ar\/#website\"},\"datePublished\":\"2023-05-16T04:04:29+00:00\",\"dateModified\":\"2023-05-16T04:06:04+00:00\",\"breadcrumb\":{\"@id\":\"https:\/\/www.incaofficial.com\/tr\/aydinlatma-metni\/#breadcrumb\"},\"inLanguage\":\"tr\",\"potentialAction\":[{\"@type\":\"ReadAction\",\"target\":[\"https:\/\/www.incaofficial.com\/tr\/aydinlatma-metni\/\"]}]},{\"@type\":\"BreadcrumbList\",\"@id\":\"https:\/\/www.incaofficial.com\/tr\/aydinlatma-metni\/#breadcrumb\",\"itemListElement\":[{\"@type\":\"ListItem\",\"position\":1,\"name\":\"Home\",\"item\":\"http:\/\/www.incaofficial.com\/ar\/\"},{\"@type\":\"ListItem\",\"position\":2,\"name\":\"Ayd\u0131nlatma Metni\"}]},{\"@type\":\"WebSite\",\"@id\":\"http:\/\/www.incaofficial.com\/ar\/#website\",\"url\":\"http:\/\/www.incaofficial.com\/ar\/\",\"name\":\"INCA Klinik\",\"description\":\"\u0130stanbul N\u00f6rocerrahi ve A\u011fr\u0131 Klini\u011fi\",\"potentialAction\":[{\"@type\":\"SearchAction\",\"target\":{\"@type\":\"EntryPoint\",\"urlTemplate\":\"http:\/\/www.incaofficial.com\/ar\/?s={search_term_string}\"},\"query-input\":\"required name=search_term_string\"}],\"inLanguage\":\"tr\"}]}<\/script>\n<!-- \/ Yoast SEO plugin. -->","yoast_head_json":{"title":"Ayd\u0131nlatma Metni - INCA Klinik","robots":{"index":"index","follow":"follow","max-snippet":"max-snippet:-1","max-image-preview":"max-image-preview:large","max-video-preview":"max-video-preview:-1"},"canonical":"https:\/\/www.incaofficial.com\/tr\/aydinlatma-metni\/","og_locale":"tr_TR","og_type":"article","og_title":"Ayd\u0131nlatma Metni - INCA Klinik","og_description":"Inca \u0130stanbul N\u00f6rocerrahi ve A\u011fr\u0131 Merkezi-Op.Dr. Kerem b\u0131kmaz(\u201cKlinik\u201d) olarak, Veri Sorumlusu s\u0131fat\u0131yla ki\u015fisel verilerinizin gizlili\u011fi ve g\u00fcvenli\u011fine b\u00fcy\u00fck \u00f6nem veriyoruz. Bu bilin\u00e7le siz de\u011ferli ziyaret\u00e7ilerimizi \u00a06698 say\u0131l\u0131 Ki\u015fisel Verilerin Korunmas\u0131 Kanunu (\u201cKanun ve\/veya KVKK\u201d) ve ilgili mevzuat uyar\u0131nca online randevu ve ileti\u015fim s\u00fcre\u00e7lerinde i\u015flenen ki\u015fisel verileriniz hakk\u0131nda bilgilendirmek isteriz. 1. Ki\u015fisel Verilerinizin \u0130\u015flenme Amac\u0131 ve [&hellip;]","og_url":"https:\/\/www.incaofficial.com\/tr\/aydinlatma-metni\/","og_site_name":"INCA Klinik","article_modified_time":"2023-05-16T04:06:04+00:00","twitter_card":"summary_large_image","twitter_misc":{"Tahmini okuma s\u00fcresi":"3 dakika"},"schema":{"@context":"https:\/\/schema.org","@graph":[{"@type":"WebPage","@id":"https:\/\/www.incaofficial.com\/tr\/aydinlatma-metni\/","url":"https:\/\/www.incaofficial.com\/tr\/aydinlatma-metni\/","name":"Ayd\u0131nlatma Metni - INCA Klinik","isPartOf":{"@id":"http:\/\/www.incaofficial.com\/ar\/#website"},"datePublished":"2023-05-16T04:04:29+00:00","dateModified":"2023-05-16T04:06:04+00:00","breadcrumb":{"@id":"https:\/\/www.incaofficial.com\/tr\/aydinlatma-metni\/#breadcrumb"},"inLanguage":"tr","potentialAction":[{"@type":"ReadAction","target":["https:\/\/www.incaofficial.com\/tr\/aydinlatma-metni\/"]}]},{"@type":"BreadcrumbList","@id":"https:\/\/www.incaofficial.com\/tr\/aydinlatma-metni\/#breadcrumb","itemListElement":[{"@type":"ListItem","position":1,"name":"Home","item":"http:\/\/www.incaofficial.com\/ar\/"},{"@type":"ListItem","position":2,"name":"Ayd\u0131nlatma Metni"}]},{"@type":"WebSite","@id":"http:\/\/www.incaofficial.com\/ar\/#website","url":"http:\/\/www.incaofficial.com\/ar\/","name":"INCA Klinik","description":"\u0130stanbul N\u00f6rocerrahi ve A\u011fr\u0131 Klini\u011fi","potentialAction":[{"@type":"SearchAction","target":{"@type":"EntryPoint","urlTemplate":"http:\/\/www.incaofficial.com\/ar\/?s={search_term_string}"},"query-input":"required name=search_term_string"}],"inLanguage":"tr"}]}},"_links":{"self":[{"href":"https:\/\/www.incaofficial.com\/tr\/wp-json\/wp\/v2\/pages\/6321"}],"collection":[{"href":"https:\/\/www.incaofficial.com\/tr\/wp-json\/wp\/v2\/pages"}],"about":[{"href":"https:\/\/www.incaofficial.com\/tr\/wp-json\/wp\/v2\/types\/page"}],"author":[{"embeddable":true,"href":"https:\/\/www.incaofficial.com\/tr\/wp-json\/wp\/v2\/users\/1"}],"replies":[{"embeddable":true,"href":"https:\/\/www.incaofficial.com\/tr\/wp-json\/wp\/v2\/comments?post=6321"}],"version-history":[{"count":0,"href":"https:\/\/www.incaofficial.com\/tr\/wp-json\/wp\/v2\/pages\/6321\/revisions"}],"wp:attachment":[{"href":"https:\/\/www.incaofficial.com\/tr\/wp-json\/wp\/v2\/media?parent=6321"}],"curies":[{"name":"wp","href":"https:\/\/api.w.org\/{rel}","templated":true}]}}