{"id":6309,"date":"2023-05-16T03:53:20","date_gmt":"2023-05-16T03:53:20","guid":{"rendered":"https:\/\/www.incaofficial.com\/?page_id=6309"},"modified":"2023-05-16T04:05:13","modified_gmt":"2023-05-16T04:05:13","slug":"kisisel-verilerin-korunmasi-hakkinda-aydinlatma-metni","status":"publish","type":"page","link":"https:\/\/www.incaofficial.com\/tr\/kisisel-verilerin-korunmasi-hakkinda-aydinlatma-metni\/","title":{"rendered":"Ki\u015fisel Verilerin Korunmas\u0131 Hakk\u0131nda Ayd\u0131nlatma Metni"},"content":{"rendered":"\t\t<div data-elementor-type=\"wp-post\" data-elementor-id=\"6309\" class=\"elementor elementor-6309\">\n\t\t\t\t\t\t\t\t\t<section class=\"elementor-section elementor-top-section elementor-element elementor-element-683c7cf elementor-section-boxed elementor-section-height-default elementor-section-height-default\" data-id=\"683c7cf\" data-element_type=\"section\" data-settings=\"{&quot;background_background&quot;:&quot;classic&quot;}\">\n\t\t\t\t\t\t<div class=\"elementor-container elementor-column-gap-default\">\n\t\t\t\t\t<div class=\"elementor-column elementor-col-100 elementor-top-column elementor-element elementor-element-15518d8\" data-id=\"15518d8\" data-element_type=\"column\">\n\t\t\t<div class=\"elementor-widget-wrap elementor-element-populated\">\n\t\t\t\t\t\t\t\t<div class=\"elementor-element elementor-element-b03fd49 elementor-widget elementor-widget-elementskit-heading\" data-id=\"b03fd49\" data-element_type=\"widget\" data-widget_type=\"elementskit-heading.default\">\n\t\t\t\t<div class=\"elementor-widget-container\">\n\t\t\t<div class=\"ekit-wid-con\" ><div class=\"ekit-heading elementskit-section-title-wraper    ekit_heading_tablet-   ekit_heading_mobile-\"><div class=\"ekit_heading_separetor_wraper ekit_heading_elementskit-border-divider elementskit-style-long\"><div class=\"elementskit-border-divider elementskit-style-long\"><\/div><\/div><\/div><\/div>\t\t<\/div>\n\t\t\t\t<\/div>\n\t\t\t\t\t<\/div>\n\t\t<\/div>\n\t\t\t\t\t\t\t<\/div>\n\t\t<\/section>\n\t\t\t\t<section class=\"elementor-section elementor-top-section elementor-element elementor-element-efde74f elementor-reverse-mobile elementor-section-boxed elementor-section-height-default elementor-section-height-default\" data-id=\"efde74f\" data-element_type=\"section\">\n\t\t\t\t\t\t<div class=\"elementor-container elementor-column-gap-default\">\n\t\t\t\t\t<div class=\"elementor-column elementor-col-100 elementor-top-column elementor-element elementor-element-5576567\" data-id=\"5576567\" data-element_type=\"column\">\n\t\t\t<div class=\"elementor-widget-wrap elementor-element-populated\">\n\t\t\t\t\t\t\t\t<div class=\"elementor-element elementor-element-b0bfdbd elementor-widget elementor-widget-text-editor\" data-id=\"b0bfdbd\" data-element_type=\"widget\" data-widget_type=\"text-editor.default\">\n\t\t\t\t<div class=\"elementor-widget-container\">\n\t\t\t<style>\/*! elementor - v3.16.0 - 17-10-2023 *\/\n.elementor-widget-text-editor.elementor-drop-cap-view-stacked .elementor-drop-cap{background-color:#69727d;color:#fff}.elementor-widget-text-editor.elementor-drop-cap-view-framed .elementor-drop-cap{color:#69727d;border:3px solid;background-color:transparent}.elementor-widget-text-editor:not(.elementor-drop-cap-view-default) .elementor-drop-cap{margin-top:8px}.elementor-widget-text-editor:not(.elementor-drop-cap-view-default) .elementor-drop-cap-letter{width:1em;height:1em}.elementor-widget-text-editor .elementor-drop-cap{float:left;text-align:center;line-height:1;font-size:50px}.elementor-widget-text-editor .elementor-drop-cap-letter{display:inline-block}<\/style>\t\t\t\t<p>Inca \u0130stanbul N\u00f6rocerrahi ve A\u011fr\u0131 Merkezi-Op. Dr. Veysel Kerem B\u0131kmaz (\u201c<strong>Klinik<\/strong>\u201d) olarak, Veri Sorumlusu s\u0131fat\u0131yla ki\u015fisel verilerinizin gizlili\u011fi ve g\u00fcvenli\u011fine b\u00fcy\u00fck \u00f6nem veriyoruz. Bu bilin\u00e7le siz de\u011ferli hastalar\u0131m\u0131z\u0131 6698 say\u0131l\u0131 Ki\u015fisel Verilerin Korunmas\u0131 Kanunu (\u201c<strong>Kanun ve\/veya KVKK<\/strong>\u201d) ve ilgili mevzuat uyar\u0131nca taraf\u0131n\u0131za sunulan sa\u011fl\u0131k hizmeti kapsam\u0131nda i\u015flenen ki\u015fisel verileriniz hakk\u0131nda bilgilendirmek isteriz.<\/p><p><strong>1-) \u0130\u015flenen Ki\u015fisel Verileriniz\u00a0<\/strong><\/p><p>Klinik olarak hastalar\u0131m\u0131zla hizmet ili\u015fkimizin kurulmas\u0131, hizmet devaml\u0131l\u0131\u011f\u0131n\u0131n sa\u011flanmas\u0131 klini\u011fimizin g\u00fcnl\u00fck i\u015fleyi\u015fi ve operasyonlar\u0131n y\u00fcr\u00fct\u00fclmesi ile mevzuattan kaynaklanan sorumluluklar\u0131m\u0131z\u0131n yerine getirilmesi faaliyetleri kapsam\u0131nda a\u015fa\u011f\u0131da yer alan ki\u015fisel verilerinizi i\u015flemekte ve muhafaza etmekteyiz:<\/p><p>Kimlik bilgileriniz (Ad, Soyad, T.C. Kimlik Numaras\u0131 ve\/veya pasaport numaras\u0131, imza, do\u011fum yeri, do\u011fum tarihi ve\/veya hasta kimlik numaras\u0131 gibi sizi tan\u0131mlayabilecek kimlik verileriniz)<\/p><p>\u0130leti\u015fim bilgileriniz (adres, telefon numaras\u0131, elektronik posta adresi ve sair ileti\u015fim verileriniz)<\/p><p>Randevu\/kay\u0131t bilgileri, talep \u015fik\u00e2yet bilgisi, onay beyan\u0131 gibi m\u00fc\u015fteri i\u015flem bilgileri,<\/p><p>\u00dccret, \u00f6deme ve faturalamaya ili\u015fkin bilgiler ile sa\u011fl\u0131k hizmetinin finansman\u0131 kapsam\u0131nda elde edilebilecek olan ki\u015fisel veriler,<\/p><p>Tan\u0131 bilgileri, kal\u0131tsal hastal\u0131k\/t\u0131bbi \u00f6yk\u00fc bilgileri, kullan\u0131lan ila\u00e7lar, sigara kullan\u0131m bilgisi, uygulama\/bak\u0131m\/tedavi bilgileri, kontrol ve test sonu\u00e7lar\u0131, doktor analiz ve yorumlar\u0131, epikriz raporlar\u0131, re\u00e7ete bilgileri dahil t\u0131bb\u00ee te\u015fhis, tedavi ve bak\u0131m hizmetlerinin y\u00fcr\u00fct\u00fclmesi s\u0131ras\u0131nda ve\/veya bunlar\u0131n bir sonucu olarak elde edilen her t\u00fcrl\u00fc sa\u011fl\u0131k bilgileriniz<\/p><p>Tedavi \u00f6ncesi ve tedavi s\u0131ras\u0131nda elde edilen foto\u011fraf, video gibi g\u00f6rsel kay\u0131tlar\u0131n\u0131z<\/p><p>Fiziki ziyaret s\u0131ras\u0131nda elde edilen kapal\u0131 devre g\u00fcvenlik kamera kay\u0131tlar\u0131 (CCTV),<\/p><p>Web sitesi, sosyal medya ve mobil cihazlardaki ileti\u015fim platformlar\u0131 \u00fczerinden sa\u011fl\u0131\u011f\u0131n\u0131za ili\u015fkin bilgiler dahil olmak \u00fczere bizlere iletti\u011finiz ki\u015fisel verileriniz.<\/p><p><strong>2-) Ki\u015fisel Verilerinizin \u0130\u015fleme Ama\u00e7lar\u0131 ve Hukuki Sebebi\u00a0<\/strong><\/p><p>Ki\u015fisel verilerinizi;<\/p><ul><li>Hasta talep ve ba\u015fvurular\u0131n\u0131n al\u0131nmas\u0131,<\/li><li>Kay\u0131t ve randevu s\u00fcre\u00e7lerinin y\u00fcr\u00fct\u00fclmesi ve takibi<\/li><li>Randevu hakk\u0131nda sizi haberdar edebilme, bilgi sa\u011flama ve hat\u0131rlatma<\/li><li>Koruyucu hekimlik, t\u0131bbi te\u015fhis, tedavi ve bak\u0131m hizmetlerinin y\u00fcr\u00fct\u00fclmesi,<\/li><li>\u0130\u015flem sonras\u0131 gerekli kontrollerin ger\u00e7ekle\u015ftirilmesi ve takibi, olu\u015fabilecek komplikasyon s\u00fcre\u00e7lerinin y\u00f6netilmesi,<\/li><li>Alm\u0131\u015f oldu\u011funuz hizmet kar\u015f\u0131l\u0131\u011f\u0131nda \u00f6deme takibi ile faturaland\u0131rma s\u00fcre\u00e7lerinin y\u00fcr\u00fct\u00fclmesi,<\/li><li>Sunulan sa\u011fl\u0131k hizmetlerinin geli\u015ftirilmesi ve iyile\u015ftirilmesi amac\u0131yla hasta memnuniyetine y\u00f6nelik \u00e7al\u0131\u015fmalar yap\u0131lmas\u0131,<\/li><li>Hizmetlerimize ili\u015fkin soru veya \u015fikayetlerinize yan\u0131t verme,<\/li><li>\u0130lgili mevzuat uyar\u0131nca Sa\u011fl\u0131k Bakanl\u0131\u011f\u0131 ve di\u011fer kamu kurum ve kurulu\u015flar\u0131 ile talep edilen bilgilerin payla\u015f\u0131lmas\u0131,<\/li><li>D\u00fczenleyici ve denetleyici kurumlarla, resmi mercilerin talep ve denetimleri do\u011frultusunda gerekli bilgilerin temini ile hukuki i\u015flerin takibi ve y\u00fcr\u00fct\u00fclmesi,<\/li><li>\u0130lgili mevzuat gere\u011fi saklanmas\u0131 gereken sa\u011fl\u0131k verileriniz ile finansal kay\u0131tlar\u0131n mevzuata uygun \u015fekilde muhafazas\u0131n\u0131n sa\u011flanmas\u0131 ama\u00e7lar\u0131yla i\u015flemekteyiz.<\/li><\/ul><p>\u00a0<\/p><p>Ki\u015fisel verilerinizi KVKK m.5\u2019te yer alan\u00a0<em>bir s\u00f6zle\u015fmenin kurulmas\u0131 veya ifas\u0131yla do\u011frudan do\u011fruya ilgili olmas\u0131 kayd\u0131yla s\u00f6zle\u015fmenin taraflar\u0131na ait ki\u015fisel verilerin i\u015flenmesinin gerekli olmas\u0131<\/em>,\u00a0<em>hukuki y\u00fck\u00fcml\u00fcl\u00fcklerimizin yerine getirilmesi, bir hakk\u0131n tesisi, kullan\u0131lmas\u0131 ve korunmas\u0131 i\u00e7in zorunlu olmas\u0131<\/em>\u00a0<em>veri sorumlusunun me\u015fru menfaatleri i\u00e7in zorunlu olmas\u0131\u00a0<\/em>hukuki sebeplerine dayanarak i\u015flemekteyiz. Sa\u011fl\u0131k bilgileriniz ise KVKK m.6\/3 kapsam\u0131nda t<em>\u0131bb\u00ee te\u015fhis, tedavi ve bak\u0131m hizmetlerinin y\u00fcr\u00fct\u00fclmesi, sa\u011fl\u0131k hizmetlerinin planlanmas\u0131 ve y\u00f6netimi amac\u0131yla s\u0131r saklama y\u00fck\u00fcml\u00fcl\u00fc\u011f\u00fc alt\u0131nda bulunan ki\u015filer taraf\u0131ndan i\u015flenmesi\u00a0<\/em>hukuki sebebine dayanarak i\u015flenmektedir. Kanun\u2019da yer alan i\u015fleme \u015fartlar\u0131n\u0131n mevcut olmad\u0131\u011f\u0131 spesifik durumlarda ise ki\u015fisel ve \u00f6zel nitelikli ki\u015fisel verilerinizin i\u015flenmesine ili\u015fkin a\u00e7\u0131k r\u0131zan\u0131z al\u0131nacakt\u0131r.<\/p><p>\u00a0<\/p><p><strong>3-) Ki\u015fisel Verilerinizin Toplanma Y\u00f6ntemi<\/strong><\/p><p>Ki\u015fisel verileriniz telefon, e-posta, web sitesi ileti\u015fim formu gibi kanallar \u00fczerinden bizlerle ileti\u015fime ge\u00e7erek yaz\u0131l\u0131, s\u00f6zl\u00fc, elektronik olarak iletti\u011finiz bilgi ve belgeler arac\u0131l\u0131\u011f\u0131yla bizzat sizden ve yak\u0131nlar\u0131n\u0131zdan, \u00f6zel ve resmi kurum ve kurulu\u015flar ile idari ve adli makamlardan gelen bilgi ve belge talepleri vas\u0131tas\u0131yla otomatik ve otomatik olmayan y\u00f6ntemlerle toplanmaktad\u0131r.<\/p><p><strong>4-) Ki\u015fisel Verilerinizin Aktar\u0131lmas\u0131<\/strong><\/p><p>Ki\u015fisel verileriniz yukar\u0131da say\u0131lan ama\u00e7lar kapsam\u0131nda Kanun ve sair sa\u011fl\u0131k mevzuat\u0131ndan kaynakl\u0131 y\u00fck\u00fcml\u00fcl\u00fcklerimizin gerektirmesi halinde yetkili ki\u015fi\/kurum ve\/veya kurulu\u015flar, Sa\u011fl\u0131k Bakanl\u0131\u011f\u0131, \u0130l Sa\u011fl\u0131k M\u00fcd\u00fcrl\u00fckleri, Sa\u011fl\u0131k Bakanl\u0131\u011f\u0131na ba\u011fl\u0131 sair birimler ve hasta bilgi y\u00f6netim sistemlerine aktar\u0131labilmektedir. Bunun yan\u0131nda ki\u015fisel verileriniz tedavinizin gerekli k\u0131lmas\u0131 halinde hastaneler, uzman doktorlar ile payla\u015f\u0131labilecek, faaliyetlerimizi y\u00fcr\u00fctmek \u00fczere hizmet, destek ve dan\u0131\u015fmanl\u0131k ald\u0131\u011f\u0131m\u0131z hizmet sa\u011flay\u0131c\u0131lar, avukatl\u0131k, mali m\u00fc\u015favirlik firmas\u0131 gibi tedarik\u00e7ilerimiz ile yetki vermi\u015f oldu\u011funuz ki\u015filere aktar\u0131labilecektir.<\/p><p><strong>5-) \u0130lgili Ki\u015fi Olarak Haklar\u0131n\u0131z<\/strong><\/p><p>\u0130lgili ki\u015fi olarak Kanun\u2019un 11.maddesi uyar\u0131nca;<\/p><ul><li>Ki\u015fisel verilerinizin i\u015flenip i\u015flenmedi\u011fini \u00f6\u011frenme, ki\u015fisel veriler i\u015flenmi\u015fse buna ili\u015fkin bilgi talep etme,<\/li><li>Ki\u015fisel verilerinizin i\u015flenme amac\u0131n\u0131 ve bunlar\u0131n amac\u0131na uygun kullan\u0131l\u0131p kullan\u0131lmad\u0131\u011f\u0131n\u0131 \u00f6\u011frenme,<\/li><li>Yurt i\u00e7inde veya yurt d\u0131\u015f\u0131nda ki\u015fisel verilerinizin aktar\u0131ld\u0131\u011f\u0131 \u00fc\u00e7\u00fcnc\u00fc ki\u015fileri bilme,<\/li><li>Ki\u015fisel verilerinizin eksik veya yanl\u0131\u015f i\u015flenmi\u015f olmas\u0131 h\u00e2linde bunlar\u0131n d\u00fczeltilmesini isteme,<\/li><li>Ki\u015fisel verilerinizin silinmesini veya yok edilmesini isteme,<\/li><li>Ki\u015fisel verilerinizin eksik veya yanl\u0131\u015f i\u015flenmi\u015f olmas\u0131 h\u00e2linde bunlar\u0131n d\u00fczeltilmesine ve\/veya ki\u015fisel verilerin silinmesini veya yok edilmesine ili\u015fkin i\u015flemlerin ki\u015fisel verilerin aktar\u0131ld\u0131\u011f\u0131 \u00fc\u00e7\u00fcnc\u00fc ki\u015filere bildirilmesini isteme,<\/li><li>\u0130\u015flenen verilerinizin m\u00fcnhas\u0131ran otomatik sistemler vas\u0131tas\u0131yla analiz edilmesi suretiyle aleyhinize bir sonucun ortaya \u00e7\u0131kmas\u0131na itiraz etme,<\/li><li>Ki\u015fisel verilerinizin kanuna ayk\u0131r\u0131 olarak i\u015flenmesi sebebiyle zarara u\u011framan\u0131z h\u00e2linde zarar\u0131n giderilmesini talep etme haklar\u0131na sahipsiniz.<\/li><\/ul><p>\u00a0<\/p><p>Veri sorumlusu s\u0131fat\u0131 ta\u015f\u0131yan Klini\u011fimize, KVKK ile ilgili talep ve bildirimlerinizi web sitemizde yer alan ilgili ki\u015fi\u00a0<strong><u>ba\u015fvuru formunu<\/u><\/strong>\u00a0doldurarak; \u201c<em>Dikilita\u015f Mahallesi, Hakk\u0131 Yeten Cd Selenium Plaza, 10\/C Blok Kat:13 \u015ei\u015fli \u0130stanbul<\/em>\u201d adresine\u00a0 elden ya da noter vas\u0131tas\u0131yla ve ya bizzat ba\u015fvurarak ya da\u00a0<a style=\"color: #222;\" href=\"mailto:bilgi@incaofficial.com\">bilgi@incaofficial.com<\/a>\u00a0adresine e-posta g\u00f6ndererek iletebilirsiniz.<\/p><p>\u00a0<\/p>\t\t\t\t\t\t<\/div>\n\t\t\t\t<\/div>\n\t\t\t\t\t<\/div>\n\t\t<\/div>\n\t\t\t\t\t\t\t<\/div>\n\t\t<\/section>\n\t\t\t\t\t\t\t<\/div>\n\t\t","protected":false},"excerpt":{"rendered":"<p>Inca \u0130stanbul N\u00f6rocerrahi ve A\u011fr\u0131 Merkezi-Op. Dr. Veysel Kerem B\u0131kmaz (\u201cKlinik\u201d) olarak, Veri Sorumlusu s\u0131fat\u0131yla ki\u015fisel verilerinizin gizlili\u011fi ve g\u00fcvenli\u011fine b\u00fcy\u00fck \u00f6nem veriyoruz. Bu bilin\u00e7le siz de\u011ferli hastalar\u0131m\u0131z\u0131 6698 say\u0131l\u0131 Ki\u015fisel Verilerin Korunmas\u0131 Kanunu (\u201cKanun ve\/veya KVKK\u201d) ve ilgili mevzuat uyar\u0131nca taraf\u0131n\u0131za sunulan sa\u011fl\u0131k hizmeti kapsam\u0131nda i\u015flenen ki\u015fisel verileriniz hakk\u0131nda bilgilendirmek isteriz. 1-) \u0130\u015flenen Ki\u015fisel [&hellip;]<\/p>\n","protected":false},"author":1,"featured_media":0,"parent":0,"menu_order":0,"comment_status":"closed","ping_status":"closed","template":"elementor_header_footer","meta":[],"yoast_head":"<!-- This site is optimized with the Yoast SEO plugin v21.4 - https:\/\/yoast.com\/wordpress\/plugins\/seo\/ -->\n<title>Ki\u015fisel Verilerin Korunmas\u0131 Hakk\u0131nda Ayd\u0131nlatma Metni - INCA Klinik<\/title>\n<meta name=\"robots\" content=\"index, follow, max-snippet:-1, max-image-preview:large, max-video-preview:-1\" \/>\n<link rel=\"canonical\" href=\"http:\/\/www.incaofficial.com\/tr\/kisisel-verilerin-korunmasi-hakkinda-aydinlatma-metni\/\" \/>\n<meta property=\"og:locale\" content=\"tr_TR\" \/>\n<meta property=\"og:type\" content=\"article\" \/>\n<meta property=\"og:title\" content=\"Ki\u015fisel Verilerin Korunmas\u0131 Hakk\u0131nda Ayd\u0131nlatma Metni - INCA Klinik\" \/>\n<meta property=\"og:description\" content=\"Inca \u0130stanbul N\u00f6rocerrahi ve A\u011fr\u0131 Merkezi-Op. Dr. Veysel Kerem B\u0131kmaz (\u201cKlinik\u201d) olarak, Veri Sorumlusu s\u0131fat\u0131yla ki\u015fisel verilerinizin gizlili\u011fi ve g\u00fcvenli\u011fine b\u00fcy\u00fck \u00f6nem veriyoruz. Bu bilin\u00e7le siz de\u011ferli hastalar\u0131m\u0131z\u0131 6698 say\u0131l\u0131 Ki\u015fisel Verilerin Korunmas\u0131 Kanunu (\u201cKanun ve\/veya KVKK\u201d) ve ilgili mevzuat uyar\u0131nca taraf\u0131n\u0131za sunulan sa\u011fl\u0131k hizmeti kapsam\u0131nda i\u015flenen ki\u015fisel verileriniz hakk\u0131nda bilgilendirmek isteriz. 1-) \u0130\u015flenen Ki\u015fisel [&hellip;]\" \/>\n<meta property=\"og:url\" content=\"http:\/\/www.incaofficial.com\/tr\/kisisel-verilerin-korunmasi-hakkinda-aydinlatma-metni\/\" \/>\n<meta property=\"og:site_name\" content=\"INCA Klinik\" \/>\n<meta property=\"article:modified_time\" content=\"2023-05-16T04:05:13+00:00\" \/>\n<meta name=\"twitter:card\" content=\"summary_large_image\" \/>\n<meta name=\"twitter:label1\" content=\"Tahmini okuma s\u00fcresi\" \/>\n\t<meta name=\"twitter:data1\" content=\"6 dakika\" \/>\n<script type=\"application\/ld+json\" class=\"yoast-schema-graph\">{\"@context\":\"https:\/\/schema.org\",\"@graph\":[{\"@type\":\"WebPage\",\"@id\":\"http:\/\/www.incaofficial.com\/ru\/kisisel-verilerin-korunmasi-hakkinda-aydinlatma-metni\/\",\"url\":\"http:\/\/www.incaofficial.com\/ru\/kisisel-verilerin-korunmasi-hakkinda-aydinlatma-metni\/\",\"name\":\"Ki\u015fisel Verilerin Korunmas\u0131 Hakk\u0131nda Ayd\u0131nlatma Metni - INCA Klinik\",\"isPartOf\":{\"@id\":\"http:\/\/www.incaofficial.com\/ar\/#website\"},\"datePublished\":\"2023-05-16T03:53:20+00:00\",\"dateModified\":\"2023-05-16T04:05:13+00:00\",\"breadcrumb\":{\"@id\":\"http:\/\/www.incaofficial.com\/ru\/kisisel-verilerin-korunmasi-hakkinda-aydinlatma-metni\/#breadcrumb\"},\"inLanguage\":\"tr\",\"potentialAction\":[{\"@type\":\"ReadAction\",\"target\":[\"http:\/\/www.incaofficial.com\/ru\/kisisel-verilerin-korunmasi-hakkinda-aydinlatma-metni\/\"]}]},{\"@type\":\"BreadcrumbList\",\"@id\":\"http:\/\/www.incaofficial.com\/ru\/kisisel-verilerin-korunmasi-hakkinda-aydinlatma-metni\/#breadcrumb\",\"itemListElement\":[{\"@type\":\"ListItem\",\"position\":1,\"name\":\"Home\",\"item\":\"http:\/\/www.incaofficial.com\/ar\/\"},{\"@type\":\"ListItem\",\"position\":2,\"name\":\"Ki\u015fisel Verilerin Korunmas\u0131 Hakk\u0131nda Ayd\u0131nlatma Metni\"}]},{\"@type\":\"WebSite\",\"@id\":\"http:\/\/www.incaofficial.com\/ar\/#website\",\"url\":\"http:\/\/www.incaofficial.com\/ar\/\",\"name\":\"INCA Klinik\",\"description\":\"\u0130stanbul N\u00f6rocerrahi ve A\u011fr\u0131 Klini\u011fi\",\"potentialAction\":[{\"@type\":\"SearchAction\",\"target\":{\"@type\":\"EntryPoint\",\"urlTemplate\":\"http:\/\/www.incaofficial.com\/ar\/?s={search_term_string}\"},\"query-input\":\"required name=search_term_string\"}],\"inLanguage\":\"tr\"}]}<\/script>\n<!-- \/ Yoast SEO plugin. -->","yoast_head_json":{"title":"Ki\u015fisel Verilerin Korunmas\u0131 Hakk\u0131nda Ayd\u0131nlatma Metni - INCA Klinik","robots":{"index":"index","follow":"follow","max-snippet":"max-snippet:-1","max-image-preview":"max-image-preview:large","max-video-preview":"max-video-preview:-1"},"canonical":"http:\/\/www.incaofficial.com\/tr\/kisisel-verilerin-korunmasi-hakkinda-aydinlatma-metni\/","og_locale":"tr_TR","og_type":"article","og_title":"Ki\u015fisel Verilerin Korunmas\u0131 Hakk\u0131nda Ayd\u0131nlatma Metni - INCA Klinik","og_description":"Inca \u0130stanbul N\u00f6rocerrahi ve A\u011fr\u0131 Merkezi-Op. Dr. Veysel Kerem B\u0131kmaz (\u201cKlinik\u201d) olarak, Veri Sorumlusu s\u0131fat\u0131yla ki\u015fisel verilerinizin gizlili\u011fi ve g\u00fcvenli\u011fine b\u00fcy\u00fck \u00f6nem veriyoruz. Bu bilin\u00e7le siz de\u011ferli hastalar\u0131m\u0131z\u0131 6698 say\u0131l\u0131 Ki\u015fisel Verilerin Korunmas\u0131 Kanunu (\u201cKanun ve\/veya KVKK\u201d) ve ilgili mevzuat uyar\u0131nca taraf\u0131n\u0131za sunulan sa\u011fl\u0131k hizmeti kapsam\u0131nda i\u015flenen ki\u015fisel verileriniz hakk\u0131nda bilgilendirmek isteriz. 1-) \u0130\u015flenen Ki\u015fisel [&hellip;]","og_url":"http:\/\/www.incaofficial.com\/tr\/kisisel-verilerin-korunmasi-hakkinda-aydinlatma-metni\/","og_site_name":"INCA Klinik","article_modified_time":"2023-05-16T04:05:13+00:00","twitter_card":"summary_large_image","twitter_misc":{"Tahmini okuma s\u00fcresi":"6 dakika"},"schema":{"@context":"https:\/\/schema.org","@graph":[{"@type":"WebPage","@id":"http:\/\/www.incaofficial.com\/ru\/kisisel-verilerin-korunmasi-hakkinda-aydinlatma-metni\/","url":"http:\/\/www.incaofficial.com\/ru\/kisisel-verilerin-korunmasi-hakkinda-aydinlatma-metni\/","name":"Ki\u015fisel Verilerin Korunmas\u0131 Hakk\u0131nda Ayd\u0131nlatma Metni - INCA Klinik","isPartOf":{"@id":"http:\/\/www.incaofficial.com\/ar\/#website"},"datePublished":"2023-05-16T03:53:20+00:00","dateModified":"2023-05-16T04:05:13+00:00","breadcrumb":{"@id":"http:\/\/www.incaofficial.com\/ru\/kisisel-verilerin-korunmasi-hakkinda-aydinlatma-metni\/#breadcrumb"},"inLanguage":"tr","potentialAction":[{"@type":"ReadAction","target":["http:\/\/www.incaofficial.com\/ru\/kisisel-verilerin-korunmasi-hakkinda-aydinlatma-metni\/"]}]},{"@type":"BreadcrumbList","@id":"http:\/\/www.incaofficial.com\/ru\/kisisel-verilerin-korunmasi-hakkinda-aydinlatma-metni\/#breadcrumb","itemListElement":[{"@type":"ListItem","position":1,"name":"Home","item":"http:\/\/www.incaofficial.com\/ar\/"},{"@type":"ListItem","position":2,"name":"Ki\u015fisel Verilerin Korunmas\u0131 Hakk\u0131nda Ayd\u0131nlatma Metni"}]},{"@type":"WebSite","@id":"http:\/\/www.incaofficial.com\/ar\/#website","url":"http:\/\/www.incaofficial.com\/ar\/","name":"INCA Klinik","description":"\u0130stanbul N\u00f6rocerrahi ve A\u011fr\u0131 Klini\u011fi","potentialAction":[{"@type":"SearchAction","target":{"@type":"EntryPoint","urlTemplate":"http:\/\/www.incaofficial.com\/ar\/?s={search_term_string}"},"query-input":"required name=search_term_string"}],"inLanguage":"tr"}]}},"_links":{"self":[{"href":"https:\/\/www.incaofficial.com\/tr\/wp-json\/wp\/v2\/pages\/6309"}],"collection":[{"href":"https:\/\/www.incaofficial.com\/tr\/wp-json\/wp\/v2\/pages"}],"about":[{"href":"https:\/\/www.incaofficial.com\/tr\/wp-json\/wp\/v2\/types\/page"}],"author":[{"embeddable":true,"href":"https:\/\/www.incaofficial.com\/tr\/wp-json\/wp\/v2\/users\/1"}],"replies":[{"embeddable":true,"href":"https:\/\/www.incaofficial.com\/tr\/wp-json\/wp\/v2\/comments?post=6309"}],"version-history":[{"count":0,"href":"https:\/\/www.incaofficial.com\/tr\/wp-json\/wp\/v2\/pages\/6309\/revisions"}],"wp:attachment":[{"href":"https:\/\/www.incaofficial.com\/tr\/wp-json\/wp\/v2\/media?parent=6309"}],"curies":[{"name":"wp","href":"https:\/\/api.w.org\/{rel}","templated":true}]}}