{"id":6504,"date":"2023-05-17T21:25:33","date_gmt":"2023-05-17T21:25:33","guid":{"rendered":"https:\/\/www.incaofficial.com\/?post_type=product&#038;p=6504"},"modified":"2023-06-01T10:32:26","modified_gmt":"2023-06-01T10:32:26","slug":"arac-ici-boyun-destek-yastigi","status":"publish","type":"product","link":"https:\/\/www.incaofficial.com\/en\/product\/arac-ici-boyun-destek-yastigi\/","title":{"rendered":"Ara\u00e7 \u0130\u00e7i Boyun Destek Yast\u0131\u011f\u0131"},"content":{"rendered":"","protected":false},"excerpt":{"rendered":"<p>* Boyun omuruli\u011finizi koruyarak, do\u011fru bir s\u00fcr\u00fc\u015f pozisyonu sa\u011flar.<\/p>\n<p>*Yumu\u015fak, nefes alabilen ve a\u015f\u0131nmaya dayan\u0131kl\u0131 kuma\u015f.<\/p>\n<p>* Yorgunlu\u011fu giderir ve daha g\u00fcvenli s\u00fcr\u00fc\u015f sa\u011flar.<\/p>\n<p>*Temel s\u00fcr\u00fc\u015f arac\u0131.<\/p>\n<p>* Ergonomik dizayn.<\/p>\n<p>*Ayn\u0131 zamanda kol dayama yast\u0131\u011f\u0131 olarak kullan\u0131lmak i\u00e7in dizayn edilmi\u015ftir.<\/p>","protected":false},"featured_media":6873,"template":"","meta":[],"product_cat":[80],"product_tag":[],"yoast_head":"<!-- This site is optimized with the Yoast SEO plugin v21.4 - https:\/\/yoast.com\/wordpress\/plugins\/seo\/ -->\n<title>Ara\u00e7 \u0130\u00e7i Boyun Destek Yast\u0131\u011f\u0131 - INCA Klinik<\/title>\n<meta name=\"robots\" content=\"index, follow, max-snippet:-1, max-image-preview:large, max-video-preview:-1\" \/>\n<link rel=\"canonical\" href=\"https:\/\/www.incaofficial.com\/en\/product\/arac-ici-boyun-destek-yastigi\/\" \/>\n<meta property=\"og:locale\" content=\"en_US\" \/>\n<meta property=\"og:type\" content=\"article\" \/>\n<meta property=\"og:title\" content=\"Ara\u00e7 \u0130\u00e7i Boyun Destek Yast\u0131\u011f\u0131 - INCA Klinik\" \/>\n<meta property=\"og:description\" content=\"* Boyun omuruli\u011finizi koruyarak, do\u011fru bir s\u00fcr\u00fc\u015f pozisyonu sa\u011flar.  *Yumu\u015fak, nefes alabilen ve a\u015f\u0131nmaya dayan\u0131kl\u0131 kuma\u015f.  * Yorgunlu\u011fu giderir ve daha g\u00fcvenli s\u00fcr\u00fc\u015f sa\u011flar.  *Temel s\u00fcr\u00fc\u015f arac\u0131.  * Ergonomik dizayn.  *Ayn\u0131 zamanda kol dayama yast\u0131\u011f\u0131 olarak kullan\u0131lmak i\u00e7in dizayn edilmi\u015ftir.\" \/>\n<meta property=\"og:url\" content=\"https:\/\/www.incaofficial.com\/en\/product\/arac-ici-boyun-destek-yastigi\/\" \/>\n<meta property=\"og:site_name\" content=\"INCA Klinik\" \/>\n<meta property=\"article:modified_time\" content=\"2023-06-01T10:32:26+00:00\" \/>\n<meta property=\"og:image\" content=\"https:\/\/www.incaofficial.com\/wp-content\/uploads\/2023\/05\/1-1.jpg\" \/>\n\t<meta property=\"og:image:width\" content=\"1200\" \/>\n\t<meta property=\"og:image:height\" content=\"1500\" \/>\n\t<meta property=\"og:image:type\" content=\"image\/jpeg\" \/>\n<meta name=\"twitter:card\" content=\"summary_large_image\" \/>\n<script type=\"application\/ld+json\" class=\"yoast-schema-graph\">{\"@context\":\"https:\/\/schema.org\",\"@graph\":[{\"@type\":\"WebPage\",\"@id\":\"https:\/\/www.incaofficial.com\/tr\/urun\/arac-ici-boyun-destek-yastigi\/\",\"url\":\"https:\/\/www.incaofficial.com\/tr\/urun\/arac-ici-boyun-destek-yastigi\/\",\"name\":\"Ara\u00e7 \u0130\u00e7i Boyun Destek Yast\u0131\u011f\u0131 - INCA Klinik\",\"isPartOf\":{\"@id\":\"http:\/\/www.incaofficial.com\/ar\/#website\"},\"datePublished\":\"2023-05-17T21:25:33+00:00\",\"dateModified\":\"2023-06-01T10:32:26+00:00\",\"breadcrumb\":{\"@id\":\"https:\/\/www.incaofficial.com\/tr\/urun\/arac-ici-boyun-destek-yastigi\/#breadcrumb\"},\"inLanguage\":\"en-US\",\"potentialAction\":[{\"@type\":\"ReadAction\",\"target\":[\"https:\/\/www.incaofficial.com\/tr\/urun\/arac-ici-boyun-destek-yastigi\/\"]}]},{\"@type\":\"BreadcrumbList\",\"@id\":\"https:\/\/www.incaofficial.com\/tr\/urun\/arac-ici-boyun-destek-yastigi\/#breadcrumb\",\"itemListElement\":[{\"@type\":\"ListItem\",\"position\":1,\"name\":\"Home\",\"item\":\"http:\/\/www.incaofficial.com\/ar\/\"},{\"@type\":\"ListItem\",\"position\":2,\"name\":\"\u0627\u0644\u0645\u0646\u062a\u062c\u0627\u062a\",\"item\":\"http:\/\/www.incaofficial.com\/ar\/shop\/\"},{\"@type\":\"ListItem\",\"position\":3,\"name\":\"Ara\u00e7 \u0130\u00e7i Boyun Destek Yast\u0131\u011f\u0131\"}]},{\"@type\":\"WebSite\",\"@id\":\"http:\/\/www.incaofficial.com\/ar\/#website\",\"url\":\"http:\/\/www.incaofficial.com\/ar\/\",\"name\":\"INCA Klinik\",\"description\":\"\u0130stanbul N\u00f6rocerrahi ve A\u011fr\u0131 Klini\u011fi\",\"potentialAction\":[{\"@type\":\"SearchAction\",\"target\":{\"@type\":\"EntryPoint\",\"urlTemplate\":\"http:\/\/www.incaofficial.com\/ar\/?s={search_term_string}\"},\"query-input\":\"required name=search_term_string\"}],\"inLanguage\":\"en-US\"}]}<\/script>\n<!-- \/ Yoast SEO plugin. -->","yoast_head_json":{"title":"Ara\u00e7 \u0130\u00e7i Boyun Destek Yast\u0131\u011f\u0131 - INCA Klinik","robots":{"index":"index","follow":"follow","max-snippet":"max-snippet:-1","max-image-preview":"max-image-preview:large","max-video-preview":"max-video-preview:-1"},"canonical":"https:\/\/www.incaofficial.com\/en\/product\/arac-ici-boyun-destek-yastigi\/","og_locale":"en_US","og_type":"article","og_title":"Ara\u00e7 \u0130\u00e7i Boyun Destek Yast\u0131\u011f\u0131 - INCA Klinik","og_description":"* Boyun omuruli\u011finizi koruyarak, do\u011fru bir s\u00fcr\u00fc\u015f pozisyonu sa\u011flar.  *Yumu\u015fak, nefes alabilen ve a\u015f\u0131nmaya dayan\u0131kl\u0131 kuma\u015f.  * Yorgunlu\u011fu giderir ve daha g\u00fcvenli s\u00fcr\u00fc\u015f sa\u011flar.  *Temel s\u00fcr\u00fc\u015f arac\u0131.  * Ergonomik dizayn.  *Ayn\u0131 zamanda kol dayama yast\u0131\u011f\u0131 olarak kullan\u0131lmak i\u00e7in dizayn edilmi\u015ftir.","og_url":"https:\/\/www.incaofficial.com\/en\/product\/arac-ici-boyun-destek-yastigi\/","og_site_name":"INCA Klinik","article_modified_time":"2023-06-01T10:32:26+00:00","og_image":[{"width":1200,"height":1500,"url":"https:\/\/www.incaofficial.com\/wp-content\/uploads\/2023\/05\/1-1.jpg","type":"image\/jpeg"}],"twitter_card":"summary_large_image","schema":{"@context":"https:\/\/schema.org","@graph":[{"@type":"WebPage","@id":"https:\/\/www.incaofficial.com\/tr\/urun\/arac-ici-boyun-destek-yastigi\/","url":"https:\/\/www.incaofficial.com\/tr\/urun\/arac-ici-boyun-destek-yastigi\/","name":"Ara\u00e7 \u0130\u00e7i Boyun Destek Yast\u0131\u011f\u0131 - INCA Klinik","isPartOf":{"@id":"http:\/\/www.incaofficial.com\/ar\/#website"},"datePublished":"2023-05-17T21:25:33+00:00","dateModified":"2023-06-01T10:32:26+00:00","breadcrumb":{"@id":"https:\/\/www.incaofficial.com\/tr\/urun\/arac-ici-boyun-destek-yastigi\/#breadcrumb"},"inLanguage":"en-US","potentialAction":[{"@type":"ReadAction","target":["https:\/\/www.incaofficial.com\/tr\/urun\/arac-ici-boyun-destek-yastigi\/"]}]},{"@type":"BreadcrumbList","@id":"https:\/\/www.incaofficial.com\/tr\/urun\/arac-ici-boyun-destek-yastigi\/#breadcrumb","itemListElement":[{"@type":"ListItem","position":1,"name":"Home","item":"http:\/\/www.incaofficial.com\/ar\/"},{"@type":"ListItem","position":2,"name":"\u0627\u0644\u0645\u0646\u062a\u062c\u0627\u062a","item":"http:\/\/www.incaofficial.com\/ar\/shop\/"},{"@type":"ListItem","position":3,"name":"Ara\u00e7 \u0130\u00e7i Boyun Destek Yast\u0131\u011f\u0131"}]},{"@type":"WebSite","@id":"http:\/\/www.incaofficial.com\/ar\/#website","url":"http:\/\/www.incaofficial.com\/ar\/","name":"INCA Klinik","description":"\u0130stanbul N\u00f6rocerrahi ve A\u011fr\u0131 Klini\u011fi","potentialAction":[{"@type":"SearchAction","target":{"@type":"EntryPoint","urlTemplate":"http:\/\/www.incaofficial.com\/ar\/?s={search_term_string}"},"query-input":"required name=search_term_string"}],"inLanguage":"en-US"}]}},"_links":{"self":[{"href":"https:\/\/www.incaofficial.com\/en\/wp-json\/wp\/v2\/product\/6504"}],"collection":[{"href":"https:\/\/www.incaofficial.com\/en\/wp-json\/wp\/v2\/product"}],"about":[{"href":"https:\/\/www.incaofficial.com\/en\/wp-json\/wp\/v2\/types\/product"}],"wp:featuredmedia":[{"embeddable":true,"href":"https:\/\/www.incaofficial.com\/en\/wp-json\/wp\/v2\/media\/6873"}],"wp:attachment":[{"href":"https:\/\/www.incaofficial.com\/en\/wp-json\/wp\/v2\/media?parent=6504"}],"wp:term":[{"taxonomy":"product_cat","embeddable":true,"href":"https:\/\/www.incaofficial.com\/en\/wp-json\/wp\/v2\/product_cat?post=6504"},{"taxonomy":"product_tag","embeddable":true,"href":"https:\/\/www.incaofficial.com\/en\/wp-json\/wp\/v2\/product_tag?post=6504"}],"curies":[{"name":"wp","href":"https:\/\/api.w.org\/{rel}","templated":true}]}}