{"id":6489,"date":"2023-05-17T21:11:17","date_gmt":"2023-05-17T21:11:17","guid":{"rendered":"https:\/\/www.incaofficial.com\/?post_type=product&#038;p=6489"},"modified":"2023-05-22T22:56:49","modified_gmt":"2023-05-22T22:56:49","slug":"sunger-boyunluk-servikal-ortez-extra-destekli","status":"publish","type":"product","link":"https:\/\/www.incaofficial.com\/az\/product\/sunger-boyunluk-servikal-ortez-extra-destekli\/","title":{"rendered":"S\u00fcnger Boyunluk Servikal Ortez (Extra Destekli)"},"content":{"rendered":"","protected":false},"excerpt":{"rendered":"<p>*Servikal b\u00f6lge deste\u011fi sa\u011flar<br \/>\n*S\u00fcngerden imal edilmi\u015ftir<br \/>\n*\u00dczeri pamuklu stakinet ile kapl\u0131d\u0131r<br \/>\n* Ekstra plastik deste\u011fi vard\u0131r<\/p>","protected":false},"featured_media":6863,"template":"","meta":[],"product_cat":[82],"product_tag":[],"yoast_head":"<!-- This site is optimized with the Yoast SEO plugin v21.4 - https:\/\/yoast.com\/wordpress\/plugins\/seo\/ -->\n<title>S\u00fcnger Boyunluk Servikal Ortez (Extra Destekli) - INCA Klinik<\/title>\n<meta name=\"robots\" content=\"index, follow, max-snippet:-1, max-image-preview:large, max-video-preview:-1\" \/>\n<link rel=\"canonical\" href=\"http:\/\/www.incaofficial.com\/az\/product\/sunger-boyunluk-servikal-ortez-extra-destekli\/\" \/>\n<meta property=\"og:locale\" content=\"az_AZ\" \/>\n<meta property=\"og:type\" content=\"article\" \/>\n<meta property=\"og:title\" content=\"S\u00fcnger Boyunluk Servikal Ortez (Extra Destekli) - INCA Klinik\" \/>\n<meta property=\"og:description\" content=\"*Servikal b\u00f6lge deste\u011fi sa\u011flar *S\u00fcngerden imal edilmi\u015ftir *\u00dczeri pamuklu stakinet ile kapl\u0131d\u0131r * Ekstra plastik deste\u011fi vard\u0131r\" \/>\n<meta property=\"og:url\" content=\"http:\/\/www.incaofficial.com\/az\/product\/sunger-boyunluk-servikal-ortez-extra-destekli\/\" \/>\n<meta property=\"og:site_name\" content=\"INCA Klinik\" \/>\n<meta property=\"article:modified_time\" content=\"2023-05-22T22:56:49+00:00\" \/>\n<meta property=\"og:image\" content=\"https:\/\/www.incaofficial.com\/wp-content\/uploads\/2023\/05\/46.jpg\" \/>\n\t<meta property=\"og:image:width\" content=\"1200\" \/>\n\t<meta property=\"og:image:height\" content=\"1500\" \/>\n\t<meta property=\"og:image:type\" content=\"image\/jpeg\" \/>\n<meta name=\"twitter:card\" content=\"summary_large_image\" \/>\n<script type=\"application\/ld+json\" class=\"yoast-schema-graph\">{\"@context\":\"https:\/\/schema.org\",\"@graph\":[{\"@type\":\"WebPage\",\"@id\":\"http:\/\/www.incaofficial.com\/ar\/product\/sunger-boyunluk-servikal-ortez-extra-destekli\/\",\"url\":\"http:\/\/www.incaofficial.com\/ar\/product\/sunger-boyunluk-servikal-ortez-extra-destekli\/\",\"name\":\"S\u00fcnger Boyunluk Servikal Ortez (Extra Destekli) - INCA Klinik\",\"isPartOf\":{\"@id\":\"http:\/\/www.incaofficial.com\/ar\/#website\"},\"datePublished\":\"2023-05-17T21:11:17+00:00\",\"dateModified\":\"2023-05-22T22:56:49+00:00\",\"breadcrumb\":{\"@id\":\"http:\/\/www.incaofficial.com\/ar\/product\/sunger-boyunluk-servikal-ortez-extra-destekli\/#breadcrumb\"},\"inLanguage\":\"az\",\"potentialAction\":[{\"@type\":\"ReadAction\",\"target\":[\"http:\/\/www.incaofficial.com\/ar\/product\/sunger-boyunluk-servikal-ortez-extra-destekli\/\"]}]},{\"@type\":\"BreadcrumbList\",\"@id\":\"http:\/\/www.incaofficial.com\/ar\/product\/sunger-boyunluk-servikal-ortez-extra-destekli\/#breadcrumb\",\"itemListElement\":[{\"@type\":\"ListItem\",\"position\":1,\"name\":\"Home\",\"item\":\"http:\/\/www.incaofficial.com\/ar\/\"},{\"@type\":\"ListItem\",\"position\":2,\"name\":\"\u0627\u0644\u0645\u0646\u062a\u062c\u0627\u062a\",\"item\":\"http:\/\/www.incaofficial.com\/ar\/shop\/\"},{\"@type\":\"ListItem\",\"position\":3,\"name\":\"S\u00fcnger Boyunluk Servikal Ortez (Extra Destekli)\"}]},{\"@type\":\"WebSite\",\"@id\":\"http:\/\/www.incaofficial.com\/ar\/#website\",\"url\":\"http:\/\/www.incaofficial.com\/ar\/\",\"name\":\"INCA Klinik\",\"description\":\"\u0130stanbul N\u00f6rocerrahi ve A\u011fr\u0131 Klini\u011fi\",\"potentialAction\":[{\"@type\":\"SearchAction\",\"target\":{\"@type\":\"EntryPoint\",\"urlTemplate\":\"http:\/\/www.incaofficial.com\/ar\/?s={search_term_string}\"},\"query-input\":\"required name=search_term_string\"}],\"inLanguage\":\"az\"}]}<\/script>\n<!-- \/ Yoast SEO plugin. -->","yoast_head_json":{"title":"S\u00fcnger Boyunluk Servikal Ortez (Extra Destekli) - INCA Klinik","robots":{"index":"index","follow":"follow","max-snippet":"max-snippet:-1","max-image-preview":"max-image-preview:large","max-video-preview":"max-video-preview:-1"},"canonical":"http:\/\/www.incaofficial.com\/az\/product\/sunger-boyunluk-servikal-ortez-extra-destekli\/","og_locale":"az_AZ","og_type":"article","og_title":"S\u00fcnger Boyunluk Servikal Ortez (Extra Destekli) - INCA Klinik","og_description":"*Servikal b\u00f6lge deste\u011fi sa\u011flar *S\u00fcngerden imal edilmi\u015ftir *\u00dczeri pamuklu stakinet ile kapl\u0131d\u0131r * Ekstra plastik deste\u011fi vard\u0131r","og_url":"http:\/\/www.incaofficial.com\/az\/product\/sunger-boyunluk-servikal-ortez-extra-destekli\/","og_site_name":"INCA Klinik","article_modified_time":"2023-05-22T22:56:49+00:00","og_image":[{"width":1200,"height":1500,"url":"https:\/\/www.incaofficial.com\/wp-content\/uploads\/2023\/05\/46.jpg","type":"image\/jpeg"}],"twitter_card":"summary_large_image","schema":{"@context":"https:\/\/schema.org","@graph":[{"@type":"WebPage","@id":"http:\/\/www.incaofficial.com\/ar\/product\/sunger-boyunluk-servikal-ortez-extra-destekli\/","url":"http:\/\/www.incaofficial.com\/ar\/product\/sunger-boyunluk-servikal-ortez-extra-destekli\/","name":"S\u00fcnger Boyunluk Servikal Ortez (Extra Destekli) - INCA Klinik","isPartOf":{"@id":"http:\/\/www.incaofficial.com\/ar\/#website"},"datePublished":"2023-05-17T21:11:17+00:00","dateModified":"2023-05-22T22:56:49+00:00","breadcrumb":{"@id":"http:\/\/www.incaofficial.com\/ar\/product\/sunger-boyunluk-servikal-ortez-extra-destekli\/#breadcrumb"},"inLanguage":"az","potentialAction":[{"@type":"ReadAction","target":["http:\/\/www.incaofficial.com\/ar\/product\/sunger-boyunluk-servikal-ortez-extra-destekli\/"]}]},{"@type":"BreadcrumbList","@id":"http:\/\/www.incaofficial.com\/ar\/product\/sunger-boyunluk-servikal-ortez-extra-destekli\/#breadcrumb","itemListElement":[{"@type":"ListItem","position":1,"name":"Home","item":"http:\/\/www.incaofficial.com\/ar\/"},{"@type":"ListItem","position":2,"name":"\u0627\u0644\u0645\u0646\u062a\u062c\u0627\u062a","item":"http:\/\/www.incaofficial.com\/ar\/shop\/"},{"@type":"ListItem","position":3,"name":"S\u00fcnger Boyunluk Servikal Ortez (Extra Destekli)"}]},{"@type":"WebSite","@id":"http:\/\/www.incaofficial.com\/ar\/#website","url":"http:\/\/www.incaofficial.com\/ar\/","name":"INCA Klinik","description":"\u0130stanbul N\u00f6rocerrahi ve A\u011fr\u0131 Klini\u011fi","potentialAction":[{"@type":"SearchAction","target":{"@type":"EntryPoint","urlTemplate":"http:\/\/www.incaofficial.com\/ar\/?s={search_term_string}"},"query-input":"required name=search_term_string"}],"inLanguage":"az"}]}},"_links":{"self":[{"href":"https:\/\/www.incaofficial.com\/az\/wp-json\/wp\/v2\/product\/6489"}],"collection":[{"href":"https:\/\/www.incaofficial.com\/az\/wp-json\/wp\/v2\/product"}],"about":[{"href":"https:\/\/www.incaofficial.com\/az\/wp-json\/wp\/v2\/types\/product"}],"wp:featuredmedia":[{"embeddable":true,"href":"https:\/\/www.incaofficial.com\/az\/wp-json\/wp\/v2\/media\/6863"}],"wp:attachment":[{"href":"https:\/\/www.incaofficial.com\/az\/wp-json\/wp\/v2\/media?parent=6489"}],"wp:term":[{"taxonomy":"product_cat","embeddable":true,"href":"https:\/\/www.incaofficial.com\/az\/wp-json\/wp\/v2\/product_cat?post=6489"},{"taxonomy":"product_tag","embeddable":true,"href":"https:\/\/www.incaofficial.com\/az\/wp-json\/wp\/v2\/product_tag?post=6489"}],"curies":[{"name":"wp","href":"https:\/\/api.w.org\/{rel}","templated":true}]}}