{"id":6500,"date":"2023-05-17T21:22:27","date_gmt":"2023-05-17T21:22:27","guid":{"rendered":"https:\/\/www.incaofficial.com\/?post_type=product&#038;p=6500"},"modified":"2023-05-22T22:52:06","modified_gmt":"2023-05-22T22:52:06","slug":"sag-sol-el-bilek-ateli","status":"publish","type":"product","link":"https:\/\/www.incaofficial.com\/ar\/product\/sag-sol-el-bilek-ateli\/","title":{"rendered":"Sa\u011f &#8211; Sol El Bilek Ateli"},"content":{"rendered":"","protected":false},"excerpt":{"rendered":"<p>Hareketsizlik baz\u0131 \u015fikayetleri azaltman\u0131n ve tedavi y\u00f6ntemiz olabiliyor. Bu hareketsizli\u011fi kendi kendimize sa\u011flayamad\u0131\u011f\u0131m\u0131z durumlarda ise atel bize yard\u0131mc\u0131 oluyor. Bu \u00fcr\u00fcn t\u0131bbi bir \u00fcr\u00fcn ve bilek \u00e7evresinin hareketlili\u011fini azaltmak ve el bile\u011fi \u00e7evresindeki problemlerden kurtulmak i\u00e7in kullan\u0131labilir. A\u011fr\u0131lar\u0131n azalmas\u0131na ve iyile\u015fme s\u00fcresinin h\u0131zlanmas\u0131na yard\u0131mc\u0131 olur.<\/p>","protected":false},"featured_media":6823,"template":"","meta":[],"product_cat":[81],"product_tag":[],"yoast_head":"<!-- This site is optimized with the Yoast SEO plugin v21.4 - https:\/\/yoast.com\/wordpress\/plugins\/seo\/ -->\n<title>Sa\u011f - Sol El Bilek Ateli - INCA Klinik<\/title>\n<meta name=\"robots\" content=\"index, follow, max-snippet:-1, max-image-preview:large, max-video-preview:-1\" \/>\n<link rel=\"canonical\" href=\"https:\/\/www.incaofficial.com\/ar\/product\/sag-sol-el-bilek-ateli\/\" \/>\n<meta property=\"og:locale\" content=\"ar_AR\" \/>\n<meta property=\"og:type\" content=\"article\" \/>\n<meta property=\"og:title\" content=\"Sa\u011f - Sol El Bilek Ateli - INCA Klinik\" \/>\n<meta property=\"og:description\" content=\"Hareketsizlik baz\u0131 \u015fikayetleri azaltman\u0131n ve tedavi y\u00f6ntemiz olabiliyor. Bu hareketsizli\u011fi kendi kendimize sa\u011flayamad\u0131\u011f\u0131m\u0131z durumlarda ise atel bize yard\u0131mc\u0131 oluyor. Bu \u00fcr\u00fcn t\u0131bbi bir \u00fcr\u00fcn ve bilek \u00e7evresinin hareketlili\u011fini azaltmak ve el bile\u011fi \u00e7evresindeki problemlerden kurtulmak i\u00e7in kullan\u0131labilir. A\u011fr\u0131lar\u0131n azalmas\u0131na ve iyile\u015fme s\u00fcresinin h\u0131zlanmas\u0131na yard\u0131mc\u0131 olur.\" \/>\n<meta property=\"og:url\" content=\"https:\/\/www.incaofficial.com\/ar\/product\/sag-sol-el-bilek-ateli\/\" \/>\n<meta property=\"og:site_name\" content=\"INCA Klinik\" \/>\n<meta property=\"article:modified_time\" content=\"2023-05-22T22:52:06+00:00\" \/>\n<meta property=\"og:image\" content=\"https:\/\/www.incaofficial.com\/wp-content\/uploads\/2023\/05\/28.jpg\" \/>\n\t<meta property=\"og:image:width\" content=\"1200\" \/>\n\t<meta property=\"og:image:height\" content=\"1500\" \/>\n\t<meta property=\"og:image:type\" content=\"image\/jpeg\" \/>\n<meta name=\"twitter:card\" content=\"summary_large_image\" \/>\n<script type=\"application\/ld+json\" class=\"yoast-schema-graph\">{\"@context\":\"https:\/\/schema.org\",\"@graph\":[{\"@type\":\"WebPage\",\"@id\":\"https:\/\/www.incaofficial.com\/tr\/urun\/sag-sol-el-bilek-ateli\/\",\"url\":\"https:\/\/www.incaofficial.com\/tr\/urun\/sag-sol-el-bilek-ateli\/\",\"name\":\"Sa\u011f - Sol El Bilek Ateli - INCA Klinik\",\"isPartOf\":{\"@id\":\"http:\/\/www.incaofficial.com\/ar\/#website\"},\"datePublished\":\"2023-05-17T21:22:27+00:00\",\"dateModified\":\"2023-05-22T22:52:06+00:00\",\"breadcrumb\":{\"@id\":\"https:\/\/www.incaofficial.com\/tr\/urun\/sag-sol-el-bilek-ateli\/#breadcrumb\"},\"inLanguage\":\"ar\",\"potentialAction\":[{\"@type\":\"ReadAction\",\"target\":[\"https:\/\/www.incaofficial.com\/tr\/urun\/sag-sol-el-bilek-ateli\/\"]}]},{\"@type\":\"BreadcrumbList\",\"@id\":\"https:\/\/www.incaofficial.com\/tr\/urun\/sag-sol-el-bilek-ateli\/#breadcrumb\",\"itemListElement\":[{\"@type\":\"ListItem\",\"position\":1,\"name\":\"Home\",\"item\":\"http:\/\/www.incaofficial.com\/ar\/\"},{\"@type\":\"ListItem\",\"position\":2,\"name\":\"\u0627\u0644\u0645\u0646\u062a\u062c\u0627\u062a\",\"item\":\"http:\/\/www.incaofficial.com\/ar\/shop\/\"},{\"@type\":\"ListItem\",\"position\":3,\"name\":\"Sa\u011f &#8211; Sol El Bilek Ateli\"}]},{\"@type\":\"WebSite\",\"@id\":\"http:\/\/www.incaofficial.com\/ar\/#website\",\"url\":\"http:\/\/www.incaofficial.com\/ar\/\",\"name\":\"INCA Klinik\",\"description\":\"\u0130stanbul N\u00f6rocerrahi ve A\u011fr\u0131 Klini\u011fi\",\"potentialAction\":[{\"@type\":\"SearchAction\",\"target\":{\"@type\":\"EntryPoint\",\"urlTemplate\":\"http:\/\/www.incaofficial.com\/ar\/?s={search_term_string}\"},\"query-input\":\"required name=search_term_string\"}],\"inLanguage\":\"ar\"}]}<\/script>\n<!-- \/ Yoast SEO plugin. -->","yoast_head_json":{"title":"Sa\u011f - Sol El Bilek Ateli - INCA Klinik","robots":{"index":"index","follow":"follow","max-snippet":"max-snippet:-1","max-image-preview":"max-image-preview:large","max-video-preview":"max-video-preview:-1"},"canonical":"https:\/\/www.incaofficial.com\/ar\/product\/sag-sol-el-bilek-ateli\/","og_locale":"ar_AR","og_type":"article","og_title":"Sa\u011f - Sol El Bilek Ateli - INCA Klinik","og_description":"Hareketsizlik baz\u0131 \u015fikayetleri azaltman\u0131n ve tedavi y\u00f6ntemiz olabiliyor. Bu hareketsizli\u011fi kendi kendimize sa\u011flayamad\u0131\u011f\u0131m\u0131z durumlarda ise atel bize yard\u0131mc\u0131 oluyor. Bu \u00fcr\u00fcn t\u0131bbi bir \u00fcr\u00fcn ve bilek \u00e7evresinin hareketlili\u011fini azaltmak ve el bile\u011fi \u00e7evresindeki problemlerden kurtulmak i\u00e7in kullan\u0131labilir. A\u011fr\u0131lar\u0131n azalmas\u0131na ve iyile\u015fme s\u00fcresinin h\u0131zlanmas\u0131na yard\u0131mc\u0131 olur.","og_url":"https:\/\/www.incaofficial.com\/ar\/product\/sag-sol-el-bilek-ateli\/","og_site_name":"INCA Klinik","article_modified_time":"2023-05-22T22:52:06+00:00","og_image":[{"width":1200,"height":1500,"url":"https:\/\/www.incaofficial.com\/wp-content\/uploads\/2023\/05\/28.jpg","type":"image\/jpeg"}],"twitter_card":"summary_large_image","schema":{"@context":"https:\/\/schema.org","@graph":[{"@type":"WebPage","@id":"https:\/\/www.incaofficial.com\/tr\/urun\/sag-sol-el-bilek-ateli\/","url":"https:\/\/www.incaofficial.com\/tr\/urun\/sag-sol-el-bilek-ateli\/","name":"Sa\u011f - Sol El Bilek Ateli - INCA Klinik","isPartOf":{"@id":"http:\/\/www.incaofficial.com\/ar\/#website"},"datePublished":"2023-05-17T21:22:27+00:00","dateModified":"2023-05-22T22:52:06+00:00","breadcrumb":{"@id":"https:\/\/www.incaofficial.com\/tr\/urun\/sag-sol-el-bilek-ateli\/#breadcrumb"},"inLanguage":"ar","potentialAction":[{"@type":"ReadAction","target":["https:\/\/www.incaofficial.com\/tr\/urun\/sag-sol-el-bilek-ateli\/"]}]},{"@type":"BreadcrumbList","@id":"https:\/\/www.incaofficial.com\/tr\/urun\/sag-sol-el-bilek-ateli\/#breadcrumb","itemListElement":[{"@type":"ListItem","position":1,"name":"Home","item":"http:\/\/www.incaofficial.com\/ar\/"},{"@type":"ListItem","position":2,"name":"\u0627\u0644\u0645\u0646\u062a\u062c\u0627\u062a","item":"http:\/\/www.incaofficial.com\/ar\/shop\/"},{"@type":"ListItem","position":3,"name":"Sa\u011f &#8211; Sol El Bilek Ateli"}]},{"@type":"WebSite","@id":"http:\/\/www.incaofficial.com\/ar\/#website","url":"http:\/\/www.incaofficial.com\/ar\/","name":"INCA Klinik","description":"\u0130stanbul N\u00f6rocerrahi ve A\u011fr\u0131 Klini\u011fi","potentialAction":[{"@type":"SearchAction","target":{"@type":"EntryPoint","urlTemplate":"http:\/\/www.incaofficial.com\/ar\/?s={search_term_string}"},"query-input":"required name=search_term_string"}],"inLanguage":"ar"}]}},"_links":{"self":[{"href":"https:\/\/www.incaofficial.com\/ar\/wp-json\/wp\/v2\/product\/6500"}],"collection":[{"href":"https:\/\/www.incaofficial.com\/ar\/wp-json\/wp\/v2\/product"}],"about":[{"href":"https:\/\/www.incaofficial.com\/ar\/wp-json\/wp\/v2\/types\/product"}],"wp:featuredmedia":[{"embeddable":true,"href":"https:\/\/www.incaofficial.com\/ar\/wp-json\/wp\/v2\/media\/6823"}],"wp:attachment":[{"href":"https:\/\/www.incaofficial.com\/ar\/wp-json\/wp\/v2\/media?parent=6500"}],"wp:term":[{"taxonomy":"product_cat","embeddable":true,"href":"https:\/\/www.incaofficial.com\/ar\/wp-json\/wp\/v2\/product_cat?post=6500"},{"taxonomy":"product_tag","embeddable":true,"href":"https:\/\/www.incaofficial.com\/ar\/wp-json\/wp\/v2\/product_tag?post=6500"}],"curies":[{"name":"wp","href":"https:\/\/api.w.org\/{rel}","templated":true}]}}