{"id":6316,"date":"2023-05-16T04:02:59","date_gmt":"2023-05-16T04:02:59","guid":{"rendered":"https:\/\/www.incaofficial.com\/?page_id=6316"},"modified":"2023-05-16T04:04:03","modified_gmt":"2023-05-16T04:04:03","slug":"kisisel-veri-sahibi-basvuru-formu","status":"publish","type":"page","link":"https:\/\/www.incaofficial.com\/ar\/kisisel-veri-sahibi-basvuru-formu\/","title":{"rendered":"Ki\u015fisel Veri Sahibi Ba\u015fvuru Formu"},"content":{"rendered":"<div data-elementor-type=\"wp-post\" data-elementor-id=\"6316\" class=\"elementor elementor-6316\">\n\t\t\t\t\t\t\t\t\t<section class=\"elementor-section elementor-top-section elementor-element elementor-element-683c7cf elementor-section-boxed elementor-section-height-default elementor-section-height-default\" data-id=\"683c7cf\" data-element_type=\"section\" data-settings=\"{&quot;background_background&quot;:&quot;classic&quot;}\">\n\t\t\t\t\t\t<div class=\"elementor-container elementor-column-gap-default\">\n\t\t\t\t\t<div class=\"elementor-column elementor-col-100 elementor-top-column elementor-element elementor-element-15518d8\" data-id=\"15518d8\" data-element_type=\"column\">\n\t\t\t<div class=\"elementor-widget-wrap elementor-element-populated\">\n\t\t\t\t\t\t\t\t<div class=\"elementor-element elementor-element-b03fd49 elementor-widget elementor-widget-elementskit-heading\" data-id=\"b03fd49\" data-element_type=\"widget\" data-widget_type=\"elementskit-heading.default\">\n\t\t\t\t<div class=\"elementor-widget-container\">\n\t\t\t<div class=\"ekit-wid-con\" ><div class=\"ekit-heading elementskit-section-title-wraper    ekit_heading_tablet-   ekit_heading_mobile-\"><div class=\"ekit_heading_separetor_wraper ekit_heading_elementskit-border-divider elementskit-style-long\"><div class=\"elementskit-border-divider elementskit-style-long\"><\/div><\/div><\/div><\/div>\t\t<\/div>\n\t\t\t\t<\/div>\n\t\t\t\t\t<\/div>\n\t\t<\/div>\n\t\t\t\t\t\t\t<\/div>\n\t\t<\/section>\n\t\t\t\t<section class=\"elementor-section elementor-top-section elementor-element elementor-element-efde74f elementor-reverse-mobile elementor-section-boxed elementor-section-height-default elementor-section-height-default\" data-id=\"efde74f\" data-element_type=\"section\">\n\t\t\t\t\t\t<div class=\"elementor-container elementor-column-gap-default\">\n\t\t\t\t\t<div class=\"elementor-column elementor-col-100 elementor-top-column elementor-element elementor-element-5576567\" data-id=\"5576567\" data-element_type=\"column\">\n\t\t\t<div class=\"elementor-widget-wrap elementor-element-populated\">\n\t\t\t\t\t\t\t\t<div class=\"elementor-element elementor-element-b0bfdbd elementor-widget elementor-widget-text-editor\" data-id=\"b0bfdbd\" data-element_type=\"widget\" data-widget_type=\"text-editor.default\">\n\t\t\t\t<div class=\"elementor-widget-container\">\n\t\t\t<style>\/*! elementor - v3.16.0 - 17-10-2023 *\/\n.elementor-widget-text-editor.elementor-drop-cap-view-stacked .elementor-drop-cap{background-color:#69727d;color:#fff}.elementor-widget-text-editor.elementor-drop-cap-view-framed .elementor-drop-cap{color:#69727d;border:3px solid;background-color:transparent}.elementor-widget-text-editor:not(.elementor-drop-cap-view-default) .elementor-drop-cap{margin-top:8px}.elementor-widget-text-editor:not(.elementor-drop-cap-view-default) .elementor-drop-cap-letter{width:1em;height:1em}.elementor-widget-text-editor .elementor-drop-cap{float:left;text-align:center;line-height:1;font-size:50px}.elementor-widget-text-editor .elementor-drop-cap-letter{display:inline-block}<\/style>\t\t\t\t<h5>1. Ba\u015fvuru Y\u00f6ntemi<\/h5><h5><strong>\u00a0<\/strong><\/h5><h5>6698 say\u0131l\u0131 Ki\u015fisel Verilerin Korunmas\u0131 Kanunu\u2019nun (\u201c<strong>Kanun<\/strong>\u201d) 11. Maddesinde say\u0131lan haklar\u0131n\u0131z kapsam\u0131ndaki taleplerinizi, Kanun\u2019un 13. maddesi ile Veri Sorumlusuna Ba\u015fvuru Usul ve Esaslar\u0131 Hakk\u0131nda Tebli\u011f\u2019in 5. maddesi gere\u011fince,\u00a0<u>i\u015fbu form ile<\/u>\u00a0a\u015fa\u011f\u0131da a\u00e7\u0131klanan y\u00f6ntemlerden biriyle ba\u015fvurunuzu Klini\u011fimize iletebilirsiniz.<\/h5><h5>\u00a0<\/h5><table><tbody><tr><td width=\"175\"><h5><strong>Ba\u015fvuru Y\u00f6ntemi<\/strong><\/h5><\/td><td width=\"229\"><h5><strong>Ba\u015fvurunun Yap\u0131laca\u011f\u0131 Adres<\/strong><\/h5><\/td><td width=\"237\"><h5><strong>G\u00f6sterilecek Bilgi<\/strong><\/h5><\/td><\/tr><tr><td width=\"175\"><h5><strong>Islak \u0130mzal\u0131 \u015eahsen Ba\u015fvuru veya Noter Vas\u0131tas\u0131yla<\/strong><\/h5><\/td><td width=\"229\"><h5>Dikilita\u015f Mahallesi, Hakk\u0131 Yeten Cd. Selenium Plaza, 10\/C Blok Kat:13 \u015ei\u015fli \/\u0130stanbul<\/h5><\/td><td width=\"237\"><h5>Zarf\u0131n\/tebligat\u0131n \u00fczerine \u201c<em>Ki\u015fisel Verilerin Korunmas\u0131 Kanunu Kapsam\u0131nda Bilgi Talebi<\/em>\u201d yaz\u0131lacakt\u0131r.<\/h5><\/td><\/tr><tr><td width=\"175\"><h5><strong>Kay\u0131tl\u0131 Elektronik Posta<\/strong><\/h5><h5><strong>(KEP)<\/strong><\/h5><h5><strong>Vas\u0131tas\u0131yla<\/strong><\/h5><\/td><td width=\"229\"><h5><u>bilgi@incaofficial.com<\/u><\/h5><\/td><td width=\"237\"><h5>E-posta\u2019n\u0131n konu k\u0131sm\u0131na \u201c<em>Ki\u015fisel Verilerin Korunmas\u0131 Kanunu Bilgi Talebi<\/em>\u201d yaz\u0131lacakt\u0131r.<\/h5><\/td><\/tr><tr><td width=\"175\"><h5><strong>Sistemimizde Kay\u0131tl\u0131 E- Posta Adresi ile<\/strong><\/h5><\/td><td width=\"229\"><h5><u>bilgi@incaofficial.com<\/u><\/h5><\/td><td width=\"237\"><h5>E-posta\u2019n\u0131n konu k\u0131sm\u0131na\u00a0<em>\u201cKi\u015fisel Verilerin Korunmas\u0131 Kanunu Bilgi Talebi\u201d\u00a0<\/em>yaz\u0131lacakt\u0131r.<\/h5><\/td><\/tr><tr><td width=\"175\"><h5><strong>G\u00fcvenli elektronik imza veya mobil imza vas\u0131tas\u0131yla<\/strong><\/h5><\/td><td width=\"229\"><h5><u>bilgi@incaofficial.com<\/u><\/h5><\/td><td width=\"237\"><h5>E-posta\u2019n\u0131n konu k\u0131sm\u0131na\u00a0<em>\u201cKi\u015fisel Verilerin Korunmas\u0131 Kanunu Bilgi Talebi\u201d\u00a0<\/em>yaz\u0131lacakt\u0131r.<\/h5><\/td><\/tr><\/tbody><\/table><h5>\u00a0<\/h5><h5>Taraf\u0131m\u0131za iletilmi\u015f olan ba\u015fvurular\u0131n\u0131z Kanun\u2019un 13\u2019\u00fcnc\u00fc maddesinin 2\u2019nci f\u0131kras\u0131 gere\u011fince, talebin niteli\u011fine g\u00f6re, talebinizin bizlere ula\u015ft\u0131\u011f\u0131 tarihten itibaren otuz g\u00fcn i\u00e7inde yan\u0131tland\u0131r\u0131lacakt\u0131r. Yan\u0131tlar\u0131m\u0131z ilgili Kanun\u2019un 13\u2019\u00fcnc\u00fc maddesi h\u00fckm\u00fc gere\u011fince yaz\u0131l\u0131 veya elektronik ortamdan taraf\u0131n\u0131za ula\u015ft\u0131r\u0131lacakt\u0131r.<\/h5><h5>\u00a0<\/h5><h5>A. Ba\u015fvuru sahibi ileti\u015fim bilgileri:<\/h5><h5><strong>\u00a0<\/strong><\/h5><h5><strong>\u00a0<\/strong><\/h5><table><tbody><tr><td width=\"163\"><h5><strong>Ad:<\/strong><\/h5><\/td><td width=\"423\"><h5>\u00a0<\/h5><\/td><\/tr><tr><td width=\"163\"><h5><strong>Soyad:<\/strong><\/h5><\/td><td width=\"423\"><h5>\u00a0<\/h5><\/td><\/tr><tr><td width=\"163\"><h5><strong>TC Kimlik\/Pasaport<\/strong><\/h5><h5><strong>Numaras\u0131:<\/strong><\/h5><\/td><td width=\"423\"><h5>\u00a0<\/h5><\/td><\/tr><tr><td width=\"163\"><h5><strong>Telefon Numaras\u0131:<\/strong><\/h5><\/td><td width=\"423\"><h5>\u00a0<\/h5><\/td><\/tr><\/tbody><\/table><h5>\u00a0<\/h5><table><tbody><tr><td width=\"163\"><h5><strong>E-posta:<\/strong><\/h5><\/td><td width=\"423\"><h5>\u00a0<\/h5><\/td><\/tr><tr><td rowspan=\"3\" width=\"163\"><h5><strong>Adres:<\/strong><\/h5><\/td><td width=\"423\"><h5>\u00a0<\/h5><\/td><\/tr><tr><td width=\"423\"><h5>\u00a0<\/h5><\/td><\/tr><tr><td width=\"423\"><h5>\u00a0<\/h5><\/td><\/tr><\/tbody><\/table><h5><strong>\u00a0<\/strong><\/h5><h5><strong>\u00a0<\/strong><\/h5><h5><strong>\u00a0<\/strong><\/h5><h5><strong>\u00a0<\/strong><\/h5><table><tbody><tr><td width=\"283\"><h5>\u25a1\u00a0 Hasta\/Hasta Aday\u0131<\/h5><h5>\u25a1\u00a0 Ziyaret\u00e7i<\/h5><\/td><td width=\"321\"><h5>\u25a1\u00a0 Tedarik\u00e7i\/\u0130\u015f orta\u011f\u0131<\/h5><h5>\u25a1\u00a0 Di\u011fer:<\/h5><h5>\u2026\u2026\u2026\u2026\u2026\u2026\u2026\u2026\u2026\u2026\u2026\u2026\u2026\u2026\u2026\u2026\u2026\u2026<\/h5><\/td><\/tr><tr><td colspan=\"2\" width=\"604\"><h5>Klini\u011fimiz i\u00e7erisinde ileti\u015fimde oldu\u011funuz;<\/h5><h5><strong>\u00a0<\/strong><\/h5><h5>Birim:<\/h5><h5>\u2026\u2026\u2026\u2026\u2026\u2026\u2026.\u2026\u2026\u2026\u2026\u2026\u2026\u2026\u2026\u2026\u2026\u2026\u2026\u2026\u2026\u2026\u2026\u2026\u2026\u2026\u2026\u2026\u2026\u2026\u2026\u2026\u2026\u2026\u2026\u2026\u2026. Konu:<\/h5><h5>\u2026\u2026\u2026\u2026\u2026\u2026\u2026\u2026\u2026\u2026\u2026\u2026\u2026\u2026.\u2026\u2026\u2026\u2026\u2026\u2026\u2026\u2026\u2026\u2026\u2026\u2026\u2026\u2026.\u2026\u2026\u2026\u2026\u2026\u2026\u2026\u2026\u2026<\/h5><h5>\u2026\u2026\u2026\u2026\u2026\u2026\u2026\u2026\u2026\u2026\u2026\u2026\u2026\u2026\u2026\u2026\u2026\u2026\u2026\u2026\u2026\u2026\u2026\u2026\u2026\u2026\u2026\u2026\u2026\u2026\u2026\u2026\u2026\u2026\u2026\u2026\u2026.<\/h5><\/td><\/tr><\/tbody><\/table><h5><strong>\u00a0<\/strong><\/h5><h5><strong>\u00a0<\/strong><\/h5><h5><strong>\u00a0<\/strong><\/h5><table><tbody><tr><td width=\"283\"><h5>\u25a1\u00a0\u00a0 Eski \u00c7al\u0131\u015fan\u0131m<\/h5><h5><strong>\u00a0<\/strong><\/h5><h5>\u00c7al\u0131\u015ft\u0131\u011f\u0131m Y\u0131llar :<\/h5><h5>\u2026\u2026\u2026\u2026\u2026\u2026\u2026\u2026\u2026\u2026\u2026\u2026\u2026\u2026\u2026\u2026.<\/h5><h5><strong>\u00a0<\/strong><\/h5><h5>\u25a1\u00a0\u00a0 Di\u011fer:<\/h5><h5>\u2026\u2026\u2026\u2026\u2026\u2026\u2026\u2026\u2026\u2026\u2026\u2026\u2026\u2026\u2026\u2026<\/h5><h5>\u2026\u2026\u2026\u2026..<\/h5><\/td><td width=\"321\"><h5>\u25a1 \u0130\u015f Ba\u015fvurusu \/ \u00d6zge\u00e7mi\u015f Payla\u015f\u0131m\u0131 Yapt\u0131m<\/h5><h5><strong>\u00a0<\/strong><\/h5><h5>Tarih:\u2026\u2026\u2026\u2026\u2026\u2026\u2026\u2026\u2026\u2026\u2026\u2026\u2026<\/h5><\/td><\/tr><\/tbody><\/table><h5><strong>\u00a0<\/strong><\/h5><h5><strong>\u00a0<\/strong><\/h5><h5><strong>\u00a0<\/strong><\/h5><ol><li><h5><strong>L\u00fctfen KVKKanunu kapsam\u0131ndaki talebinizi detayl\u0131 olarak belirtiniz:<\/strong><\/h5><\/li><\/ol><h5>\u2026\u2026\u2026\u2026\u2026\u2026\u2026..\u2026\u2026\u2026\u2026\u2026.\u2026\u2026\u2026\u2026\u2026\u2026\u2026\u2026\u2026\u2026\u2026\u2026.\u2026\u2026\u2026\u2026\u2026\u2026\u2026\u2026\u2026\u2026\u2026\u2026.\u2026\u2026\u2026\u2026\u2026\u2026\u2026\u2026\u2026\u2026\u2026\u2026\u2026\u2026\u2026\u2026\u2026\u2026\u2026<\/h5><h5>\u2026\u2026\u2026\u2026\u2026\u2026\u2026\u2026\u2026\u2026\u2026\u2026\u2026\u2026\u2026\u2026\u2026\u2026\u2026\u2026\u2026\u2026\u2026\u2026\u2026\u2026\u2026\u2026\u2026\u2026\u2026\u2026\u2026\u2026\u2026\u2026\u2026\u2026\u2026\u2026\u2026\u2026\u2026\u2026\u2026\u2026\u2026\u2026\u2026\u2026\u2026\u2026\u2026\u2026\u2026\u2026<\/h5><h5>\u2026\u2026\u2026\u2026\u2026\u2026\u2026\u2026\u2026\u2026\u2026\u2026\u2026\u2026\u2026\u2026\u2026\u2026\u2026\u2026\u2026\u2026\u2026\u2026\u2026\u2026\u2026\u2026\u2026\u2026\u2026\u2026\u2026\u2026\u2026\u2026\u2026\u2026\u2026\u2026\u2026\u2026\u2026\u2026\u2026\u2026\u2026\u2026\u2026\u2026\u2026\u2026\u2026\u2026\u2026\u2026<\/h5><h5>\u2026\u2026\u2026\u2026\u2026\u2026\u2026\u2026\u2026\u2026\u2026\u2026\u2026\u2026\u2026\u2026\u2026\u2026\u2026\u2026\u2026\u2026\u2026\u2026\u2026\u2026\u2026\u2026\u2026\u2026\u2026\u2026\u2026\u2026\u2026\u2026\u2026\u2026\u2026\u2026\u2026\u2026\u2026\u2026\u2026\u2026\u2026\u2026\u2026\u2026\u2026\u2026\u2026\u2026\u2026\u2026<\/h5><h5>\u2026\u2026\u2026\u2026\u2026\u2026\u2026\u2026\u2026\u2026\u2026\u2026\u2026\u2026\u2026\u2026\u2026\u2026\u2026\u2026\u2026\u2026\u2026\u2026\u2026\u2026\u2026\u2026\u2026\u2026\u2026\u2026\u2026\u2026\u2026\u2026\u2026\u2026\u2026\u2026\u2026\u2026\u2026\u2026\u2026\u2026\u2026\u2026\u2026\u2026\u2026\u2026\u2026\u2026\u2026\u2026<\/h5><h5>\u2026\u2026\u2026\u2026\u2026\u2026\u2026\u2026\u2026\u2026\u2026\u2026\u2026\u2026\u2026\u2026\u2026\u2026\u2026\u2026\u2026\u2026\u2026\u2026\u2026\u2026\u2026\u2026\u2026\u2026\u2026\u2026\u2026\u2026\u2026\u2026\u2026\u2026\u2026\u2026\u2026\u2026\u2026\u2026\u2026\u2026\u2026\u2026\u2026\u2026\u2026\u2026\u2026\u2026\u2026\u2026<\/h5><h5>\u2026\u2026\u2026\u2026\u2026\u2026\u2026\u2026\u2026\u2026\u2026\u2026\u2026\u2026\u2026\u2026\u2026\u2026\u2026\u2026\u2026\u2026\u2026\u2026\u2026\u2026\u2026\u2026\u2026\u2026\u2026\u2026\u2026\u2026\u2026\u2026\u2026\u2026\u2026\u2026\u2026\u2026\u2026\u2026\u2026\u2026\u2026\u2026\u2026\u2026\u2026\u2026\u2026\u2026\u2026\u2026<\/h5><h5>\u2026\u2026\u2026\u2026\u2026\u2026\u2026\u2026\u2026\u2026\u2026\u2026\u2026\u2026\u2026\u2026\u2026\u2026\u2026\u2026\u2026\u2026\u2026\u2026\u2026\u2026\u2026\u2026\u2026\u2026\u2026\u2026\u2026\u2026\u2026\u2026\u2026\u2026\u2026\u2026\u2026\u2026\u2026\u2026\u2026\u2026\u2026\u2026\u2026\u2026\u2026\u2026\u2026\u2026\u2026\u2026<\/h5><h5>\u2026\u2026\u2026\u2026\u2026\u2026\u2026\u2026\u2026\u2026\u2026\u2026\u2026\u2026\u2026\u2026\u2026\u2026\u2026\u2026\u2026\u2026\u2026\u2026\u2026\u2026\u2026\u2026\u2026\u2026\u2026\u2026\u2026\u2026\u2026\u2026\u2026\u2026\u2026\u2026\u2026\u2026\u2026\u2026\u2026\u2026\u2026\u2026\u2026\u2026\u2026\u2026\u2026\u2026\u2026\u2026<\/h5><h5>\u2026\u2026\u2026\u2026\u2026\u2026\u2026\u2026\u2026\u2026\u2026\u2026\u2026\u2026\u2026\u2026\u2026\u2026\u2026\u2026\u2026\u2026\u2026\u2026\u2026\u2026\u2026..\u2026\u2026\u2026\u2026\u2026\u2026\u2026..\u2026\u2026\u2026\u2026\u2026.\u2026\u2026\u2026\u2026\u2026\u2026\u2026\u2026\u2026\u2026\u2026\u2026\u2026.\u2026\u2026\u2026<\/h5><h5>\u2026\u2026\u2026\u2026\u2026\u2026\u2026\u2026\u2026\u2026\u2026\u2026\u2026\u2026\u2026\u2026\u2026\u2026\u2026\u2026\u2026\u2026\u2026\u2026\u2026\u2026\u2026\u2026\u2026\u2026\u2026\u2026\u2026\u2026\u2026\u2026\u2026\u2026\u2026\u2026\u2026\u2026\u2026\u2026\u2026\u2026\u2026\u2026\u2026\u2026\u2026\u2026\u2026\u2026\u2026\u2026<\/h5><h5>\u2026\u2026\u2026\u2026\u2026\u2026\u2026\u2026\u2026\u2026\u2026\u2026\u2026\u2026\u2026\u2026\u2026\u2026\u2026\u2026\u2026\u2026\u2026\u2026\u2026\u2026\u2026\u2026\u2026\u2026\u2026\u2026\u2026\u2026\u2026\u2026\u2026\u2026\u2026\u2026\u2026\u2026\u2026\u2026\u2026\u2026\u2026\u2026\u2026\u2026\u2026\u2026\u2026\u2026\u2026\u2026<\/h5><h5>\u2026\u2026\u2026\u2026\u2026\u2026\u2026\u2026\u2026\u2026\u2026\u2026\u2026\u2026\u2026\u2026\u2026\u2026\u2026\u2026\u2026\u2026\u2026\u2026\u2026\u2026\u2026\u2026\u2026\u2026\u2026\u2026\u2026\u2026\u2026\u2026\u2026\u2026\u2026\u2026\u2026\u2026\u2026\u2026\u2026\u2026\u2026\u2026\u2026\u2026\u2026\u2026\u2026\u2026\u2026\u2026<\/h5><h5>\u2026\u2026\u2026\u2026\u2026\u2026\u2026\u2026\u2026\u2026\u2026\u2026\u2026\u2026\u2026\u2026\u2026\u2026\u2026\u2026\u2026\u2026\u2026\u2026\u2026\u2026\u2026\u2026\u2026\u2026\u2026\u2026\u2026\u2026\u2026\u2026\u2026\u2026\u2026\u2026\u2026\u2026\u2026\u2026\u2026\u2026\u2026\u2026\u2026\u2026\u2026\u2026\u2026\u2026\u2026\u2026<\/h5><h5>\u00a0<\/h5><h5>D. L\u00fctfen ba\u015fvurunuza verece\u011fimiz yan\u0131t\u0131n taraf\u0131n\u0131za bildirilme y\u00f6ntemini se\u00e7iniz:<\/h5><h5><strong>\u00a0<\/strong><\/h5><ul><li><h5>Adresime g\u00f6nderilmesini<\/h5><\/li><li><h5>E-posta adresime g\u00f6nderilmesini<\/h5><\/li><\/ul><h5>(E<em>-posta y\u00f6ntemini se\u00e7meniz h\u00e2linde size daha h\u0131zl\u0131 yan\u0131t verebilece\u011fiz<\/em>.)<\/h5><ul><li><h5>Elden teslim almak<\/h5><\/li><\/ul><h5>(<em>Vek\u00e2leten teslim al\u0131nmas\u0131 durumunda noter tasdikli vek\u00e2letname veya yetki belgesi olmas\u0131 gerekmektedir<\/em>.)<\/h5><h5>\u00a0<\/h5><h5>\u0130\u015fbu ba\u015fvuru formu, Klini\u011fimiz ile olan ili\u015fkinizi tespit ederek, varsa, Klini\u011fimiz taraf\u0131ndan i\u015flenen ki\u015fisel verilerinizi eksiksiz olarak belirleyerek, ilgili ba\u015fvurunuza do\u011fru ve kanuni s\u00fcresinde cevap verilebilmesi i\u00e7in tanzim edilmi\u015ftir. Hukuka ayk\u0131r\u0131 ve haks\u0131z bir \u015fekilde veri payla\u015f\u0131m\u0131ndan kaynaklanabilecek hukuki risklerin bertaraf edilmesi ve \u00f6zellikle ki\u015fisel verilerinizin g\u00fcvenli\u011finin sa\u011flanmas\u0131 amac\u0131yla, kimlik ve yetki tespiti i\u00e7in Klini\u011fimiz ek evrak ve malumat (N\u00fcfus c\u00fczdan\u0131 veya s\u00fcr\u00fcc\u00fc belgesi sureti vb.) talep etme hakk\u0131n\u0131 sakl\u0131 tutar. Form kapsam\u0131nda iletmekte oldu\u011funuz taleplerinize ili\u015fkin bilgilerin do\u011fru ve g\u00fcncel olmamas\u0131 ya da yetkisiz bir ba\u015fvuru yap\u0131lmas\u0131 halinde Klini\u011fimiz, s\u00f6z konusu yanl\u0131\u015f bilgi ya da yetkisiz ba\u015fvuru kaynakl\u0131 taleplerden dolay\u0131 mesuliyet kabul etmemektedir.<\/h5><h5>\u00a0<\/h5><h5>\u00a0<\/h5><h5>Ba\u015fvuru Sahibi Ad\u0131-Soy ad\u0131\u00a0\u00a0\u00a0\u00a0\u00a0\u00a0\u00a0 :<\/h5><h5>(Ki\u015fisel veri sahibi)<\/h5><h5>\u00a0<\/h5><h5>Ba\u015fvuru Tarihi\u00a0\u00a0\u00a0\u00a0\u00a0\u00a0\u00a0\u00a0\u00a0\u00a0\u00a0\u00a0\u00a0\u00a0\u00a0\u00a0\u00a0\u00a0\u00a0\u00a0\u00a0\u00a0\u00a0\u00a0\u00a0\u00a0\u00a0\u00a0\u00a0 :<\/h5><h5><strong>\u00a0<\/strong><\/h5><h5><strong>\u0130mza\u00a0\u00a0\u00a0\u00a0\u00a0\u00a0\u00a0\u00a0\u00a0\u00a0\u00a0\u00a0\u00a0\u00a0\u00a0\u00a0\u00a0\u00a0\u00a0\u00a0\u00a0\u00a0\u00a0\u00a0\u00a0\u00a0\u00a0\u00a0\u00a0\u00a0\u00a0\u00a0\u00a0\u00a0\u00a0\u00a0\u00a0\u00a0\u00a0\u00a0\u00a0\u00a0\u00a0\u00a0\u00a0\u00a0 :<\/strong><\/h5>\t\t\t\t\t\t<\/div>\n\t\t\t\t<\/div>\n\t\t\t\t\t<\/div>\n\t\t<\/div>\n\t\t\t\t\t\t\t<\/div>\n\t\t<\/section>\n\t\t\t\t\t\t\t<\/div>","protected":false},"excerpt":{"rendered":"<p>1. Ba\u015fvuru Y\u00f6ntemi \u00a0 6698 say\u0131l\u0131 Ki\u015fisel Verilerin Korunmas\u0131 Kanunu\u2019nun (\u201cKanun\u201d) 11. Maddesinde say\u0131lan haklar\u0131n\u0131z kapsam\u0131ndaki taleplerinizi, Kanun\u2019un 13. maddesi ile Veri Sorumlusuna Ba\u015fvuru Usul ve Esaslar\u0131 Hakk\u0131nda Tebli\u011f\u2019in 5. maddesi gere\u011fince,\u00a0i\u015fbu form ile\u00a0a\u015fa\u011f\u0131da a\u00e7\u0131klanan y\u00f6ntemlerden biriyle ba\u015fvurunuzu Klini\u011fimize iletebilirsiniz. \u00a0 Ba\u015fvuru Y\u00f6ntemi Ba\u015fvurunun Yap\u0131laca\u011f\u0131 Adres G\u00f6sterilecek Bilgi Islak \u0130mzal\u0131 \u015eahsen Ba\u015fvuru veya Noter Vas\u0131tas\u0131yla [&hellip;]<\/p>","protected":false},"author":1,"featured_media":0,"parent":0,"menu_order":0,"comment_status":"closed","ping_status":"closed","template":"elementor_header_footer","meta":[],"yoast_head":"<!-- This site is optimized with the Yoast SEO plugin v21.4 - https:\/\/yoast.com\/wordpress\/plugins\/seo\/ -->\n<title>Ki\u015fisel Veri Sahibi Ba\u015fvuru Formu - INCA Klinik<\/title>\n<meta name=\"robots\" content=\"index, follow, max-snippet:-1, max-image-preview:large, max-video-preview:-1\" \/>\n<link rel=\"canonical\" href=\"https:\/\/www.incaofficial.com\/ar\/kisisel-veri-sahibi-basvuru-formu\/\" \/>\n<meta property=\"og:locale\" content=\"ar_AR\" \/>\n<meta property=\"og:type\" content=\"article\" \/>\n<meta property=\"og:title\" content=\"Ki\u015fisel Veri Sahibi Ba\u015fvuru Formu - INCA Klinik\" \/>\n<meta property=\"og:description\" content=\"1. Ba\u015fvuru Y\u00f6ntemi \u00a0 6698 say\u0131l\u0131 Ki\u015fisel Verilerin Korunmas\u0131 Kanunu\u2019nun (\u201cKanun\u201d) 11. Maddesinde say\u0131lan haklar\u0131n\u0131z kapsam\u0131ndaki taleplerinizi, Kanun\u2019un 13. maddesi ile Veri Sorumlusuna Ba\u015fvuru Usul ve Esaslar\u0131 Hakk\u0131nda Tebli\u011f\u2019in 5. maddesi gere\u011fince,\u00a0i\u015fbu form ile\u00a0a\u015fa\u011f\u0131da a\u00e7\u0131klanan y\u00f6ntemlerden biriyle ba\u015fvurunuzu Klini\u011fimize iletebilirsiniz. \u00a0 Ba\u015fvuru Y\u00f6ntemi Ba\u015fvurunun Yap\u0131laca\u011f\u0131 Adres G\u00f6sterilecek Bilgi Islak \u0130mzal\u0131 \u015eahsen Ba\u015fvuru veya Noter Vas\u0131tas\u0131yla [&hellip;]\" \/>\n<meta property=\"og:url\" content=\"https:\/\/www.incaofficial.com\/ar\/kisisel-veri-sahibi-basvuru-formu\/\" \/>\n<meta property=\"og:site_name\" content=\"INCA Klinik\" \/>\n<meta property=\"article:modified_time\" content=\"2023-05-16T04:04:03+00:00\" \/>\n<meta name=\"twitter:card\" content=\"summary_large_image\" \/>\n<meta name=\"twitter:label1\" content=\"\u0648\u0642\u062a \u0627\u0644\u0642\u0631\u0627\u0621\u0629 \u0627\u0644\u0645\u064f\u0642\u062f\u0651\u0631\" \/>\n\t<meta name=\"twitter:data1\" content=\"3 \u062f\u0642\u0627\u0626\u0642\" \/>\n<script type=\"application\/ld+json\" class=\"yoast-schema-graph\">{\"@context\":\"https:\/\/schema.org\",\"@graph\":[{\"@type\":\"WebPage\",\"@id\":\"https:\/\/www.incaofficial.com\/tr\/kisisel-veri-sahibi-basvuru-formu\/\",\"url\":\"https:\/\/www.incaofficial.com\/tr\/kisisel-veri-sahibi-basvuru-formu\/\",\"name\":\"Ki\u015fisel Veri Sahibi Ba\u015fvuru Formu - INCA Klinik\",\"isPartOf\":{\"@id\":\"http:\/\/www.incaofficial.com\/ar\/#website\"},\"datePublished\":\"2023-05-16T04:02:59+00:00\",\"dateModified\":\"2023-05-16T04:04:03+00:00\",\"breadcrumb\":{\"@id\":\"https:\/\/www.incaofficial.com\/tr\/kisisel-veri-sahibi-basvuru-formu\/#breadcrumb\"},\"inLanguage\":\"ar\",\"potentialAction\":[{\"@type\":\"ReadAction\",\"target\":[\"https:\/\/www.incaofficial.com\/tr\/kisisel-veri-sahibi-basvuru-formu\/\"]}]},{\"@type\":\"BreadcrumbList\",\"@id\":\"https:\/\/www.incaofficial.com\/tr\/kisisel-veri-sahibi-basvuru-formu\/#breadcrumb\",\"itemListElement\":[{\"@type\":\"ListItem\",\"position\":1,\"name\":\"Home\",\"item\":\"http:\/\/www.incaofficial.com\/ar\/\"},{\"@type\":\"ListItem\",\"position\":2,\"name\":\"Ki\u015fisel Veri Sahibi Ba\u015fvuru Formu\"}]},{\"@type\":\"WebSite\",\"@id\":\"http:\/\/www.incaofficial.com\/ar\/#website\",\"url\":\"http:\/\/www.incaofficial.com\/ar\/\",\"name\":\"INCA Klinik\",\"description\":\"\u0130stanbul N\u00f6rocerrahi ve A\u011fr\u0131 Klini\u011fi\",\"potentialAction\":[{\"@type\":\"SearchAction\",\"target\":{\"@type\":\"EntryPoint\",\"urlTemplate\":\"http:\/\/www.incaofficial.com\/ar\/?s={search_term_string}\"},\"query-input\":\"required name=search_term_string\"}],\"inLanguage\":\"ar\"}]}<\/script>\n<!-- \/ Yoast SEO plugin. -->","yoast_head_json":{"title":"Ki\u015fisel Veri Sahibi Ba\u015fvuru Formu - INCA Klinik","robots":{"index":"index","follow":"follow","max-snippet":"max-snippet:-1","max-image-preview":"max-image-preview:large","max-video-preview":"max-video-preview:-1"},"canonical":"https:\/\/www.incaofficial.com\/ar\/kisisel-veri-sahibi-basvuru-formu\/","og_locale":"ar_AR","og_type":"article","og_title":"Ki\u015fisel Veri Sahibi Ba\u015fvuru Formu - INCA Klinik","og_description":"1. Ba\u015fvuru Y\u00f6ntemi \u00a0 6698 say\u0131l\u0131 Ki\u015fisel Verilerin Korunmas\u0131 Kanunu\u2019nun (\u201cKanun\u201d) 11. Maddesinde say\u0131lan haklar\u0131n\u0131z kapsam\u0131ndaki taleplerinizi, Kanun\u2019un 13. maddesi ile Veri Sorumlusuna Ba\u015fvuru Usul ve Esaslar\u0131 Hakk\u0131nda Tebli\u011f\u2019in 5. maddesi gere\u011fince,\u00a0i\u015fbu form ile\u00a0a\u015fa\u011f\u0131da a\u00e7\u0131klanan y\u00f6ntemlerden biriyle ba\u015fvurunuzu Klini\u011fimize iletebilirsiniz. \u00a0 Ba\u015fvuru Y\u00f6ntemi Ba\u015fvurunun Yap\u0131laca\u011f\u0131 Adres G\u00f6sterilecek Bilgi Islak \u0130mzal\u0131 \u015eahsen Ba\u015fvuru veya Noter Vas\u0131tas\u0131yla [&hellip;]","og_url":"https:\/\/www.incaofficial.com\/ar\/kisisel-veri-sahibi-basvuru-formu\/","og_site_name":"INCA Klinik","article_modified_time":"2023-05-16T04:04:03+00:00","twitter_card":"summary_large_image","twitter_misc":{"\u0648\u0642\u062a \u0627\u0644\u0642\u0631\u0627\u0621\u0629 \u0627\u0644\u0645\u064f\u0642\u062f\u0651\u0631":"3 \u062f\u0642\u0627\u0626\u0642"},"schema":{"@context":"https:\/\/schema.org","@graph":[{"@type":"WebPage","@id":"https:\/\/www.incaofficial.com\/tr\/kisisel-veri-sahibi-basvuru-formu\/","url":"https:\/\/www.incaofficial.com\/tr\/kisisel-veri-sahibi-basvuru-formu\/","name":"Ki\u015fisel Veri Sahibi Ba\u015fvuru Formu - INCA Klinik","isPartOf":{"@id":"http:\/\/www.incaofficial.com\/ar\/#website"},"datePublished":"2023-05-16T04:02:59+00:00","dateModified":"2023-05-16T04:04:03+00:00","breadcrumb":{"@id":"https:\/\/www.incaofficial.com\/tr\/kisisel-veri-sahibi-basvuru-formu\/#breadcrumb"},"inLanguage":"ar","potentialAction":[{"@type":"ReadAction","target":["https:\/\/www.incaofficial.com\/tr\/kisisel-veri-sahibi-basvuru-formu\/"]}]},{"@type":"BreadcrumbList","@id":"https:\/\/www.incaofficial.com\/tr\/kisisel-veri-sahibi-basvuru-formu\/#breadcrumb","itemListElement":[{"@type":"ListItem","position":1,"name":"Home","item":"http:\/\/www.incaofficial.com\/ar\/"},{"@type":"ListItem","position":2,"name":"Ki\u015fisel Veri Sahibi Ba\u015fvuru Formu"}]},{"@type":"WebSite","@id":"http:\/\/www.incaofficial.com\/ar\/#website","url":"http:\/\/www.incaofficial.com\/ar\/","name":"INCA Klinik","description":"\u0130stanbul N\u00f6rocerrahi ve A\u011fr\u0131 Klini\u011fi","potentialAction":[{"@type":"SearchAction","target":{"@type":"EntryPoint","urlTemplate":"http:\/\/www.incaofficial.com\/ar\/?s={search_term_string}"},"query-input":"required name=search_term_string"}],"inLanguage":"ar"}]}},"_links":{"self":[{"href":"https:\/\/www.incaofficial.com\/ar\/wp-json\/wp\/v2\/pages\/6316"}],"collection":[{"href":"https:\/\/www.incaofficial.com\/ar\/wp-json\/wp\/v2\/pages"}],"about":[{"href":"https:\/\/www.incaofficial.com\/ar\/wp-json\/wp\/v2\/types\/page"}],"author":[{"embeddable":true,"href":"https:\/\/www.incaofficial.com\/ar\/wp-json\/wp\/v2\/users\/1"}],"replies":[{"embeddable":true,"href":"https:\/\/www.incaofficial.com\/ar\/wp-json\/wp\/v2\/comments?post=6316"}],"version-history":[{"count":0,"href":"https:\/\/www.incaofficial.com\/ar\/wp-json\/wp\/v2\/pages\/6316\/revisions"}],"wp:attachment":[{"href":"https:\/\/www.incaofficial.com\/ar\/wp-json\/wp\/v2\/media?parent=6316"}],"curies":[{"name":"wp","href":"https:\/\/api.w.org\/{rel}","templated":true}]}}